{"id":9,"date":"2018-10-14T16:25:01","date_gmt":"2018-10-14T16:25:01","guid":{"rendered":"http:\/\/ag-foto.de\/?page_id=9"},"modified":"2024-06-17T09:28:45","modified_gmt":"2024-06-17T09:28:45","slug":"impressum","status":"publish","type":"page","link":"https:\/\/ag-foto.de\/?page_id=9","title":{"rendered":"Impressum"},"content":{"rendered":"<div><span style=\"color: #000000; font-size: 16pt;\"><span style=\"font-family: arial, helvetica, sans-serif;\"><strong>Angaben gem\u00e4\u00df \u00a7 5 TMG<\/strong><\/span> <\/span><\/div>\n<p><strong>Herausgeber:<\/strong><br \/>\nAndreas Gerber<br \/>\nAm Giessh\u00fcbel 1<br \/>\n75045 Walzbachtal<br \/>\nGermany<\/p>\n<p><strong>Verantwortliche Vertreter:<\/strong><br \/>\nAndreas Gerber<br \/>\nAm Giessh\u00fcbel 1<br \/>\n75045 Walzbachtal<br \/>\nGermany<br \/>\nTelefon: ++49 (0) 170-925-1730<br \/>\nE-Mail: andreas.gerber@ag-aqua.de<\/p>\n<p><strong>Gesch\u00e4ftsstelle:<\/strong><br \/>\nAndreas Gerber Gbr<br \/>\nAm Giessh\u00fcbel 1<br \/>\n75045 Walzbachtal<br \/>\nGermany<br \/>\nTelefon: ++49(0) 170-925-1730<\/p>\n<p>E-Mail: info@ag-aqua.de<\/p>\n<p><strong>Umsatztsteuer -ID:<\/strong><br \/>\nUmsatzsteuer- Identifikationsnummer gem\u00e4\u00df \u00a7 27 a Umsatzsteuergesetz: USt-IdNr.: DE176000444<\/p>\n<p><strong>Bildnachweis:<\/strong><br \/>\nF\u00fcr die verwendeten Bilder wurden die Bildrechte gekl\u00e4rt. F\u00fcr fremdes Bildmaterial liegt die Zustimmung der Rechtsinhaber vor. Sollten Sie sich dennoch in Ihren Rechten verletzt f\u00fchlen, setzen Sie sich bitte mit andreas.gerber@ag-aqua.de in Verbindung.<\/p>\n<p><strong>Inhaltlich Verantwortlicher gem\u00e4\u00df \u00a7 55 Absatz 2 RStV:<\/strong><br \/>\nAndreas Gerber<br \/>\nAm Giessh\u00fcbel 1<br \/>\n75045 Walzbachtal<\/p>\n<p><strong>Haftung f\u00fcr Inhalte:<\/strong><br \/>\nAls Diensteanbieter sind wir gem\u00e4\u00df \u00a7 7 Abs.1 TMG f\u00fcr eigene Inhalte auf diesen Seiten nach den allgemeinen Gesetzen verantwortlich. Nach \u00a7\u00a7 8 bis 10 TMG sind wir als Diensteanbieter jedoch nicht verpflichtet, \u00fcbermittelte oder gespeicherte fremde Informationen zu \u00fcberwachen oder nach Umst\u00e4nden zu forschen, die auf eine rechtswidrige T\u00e4tigkeit hinweisen. Verpflichtungen zur Entfernung oder Sperrung der Nutzung von Informationen nach den allgemeinen Gesetzen bleiben hiervon unber\u00fchrt. Eine diesbez\u00fcgliche Haftung ist jedoch erst ab dem Zeitpunkt der Kenntnis einer konkreten Rechtsverletzung m\u00f6glich. Bei Bekanntwerden von entsprechenden Rechtsverletzungen werden wir diese Inhalte umgehend entfernen.<\/p>\n<p><strong>Urheberrecht:<\/strong><br \/>\nDie durch die Seitenbetreiber erstellten Inhalte und Werke auf diesen Seiten unterliegen dem deutschen Urheberrecht. Die Vervielf\u00e4ltigung, Bearbeitung, Verbreitung und jede Art der Verwertung au\u00dferhalb der Grenzen des Urheberrechtes bed\u00fcrfen der schriftlichen Zustimmung des jeweiligen Autors bzw. Erstellers. Downloads und Kopien dieser Seite sind nur f\u00fcr den privaten, nicht kommerziellen Gebrauch gestattet. Soweit die Inhalte auf dieser Seite nicht vom Betreiber erstellt wurden, werden die Urheberrechte Dritter beachtet. Insbesondere werden Inhalte Dritter als solche gekennzeichnet. Sollten Sie trotzdem auf eine Urheberrechtsverletzung aufmerksam werden, bitten wir um einen entsprechenden Hinweis. Bei Bekanntwerden von Rechtsverletzungen werden wir derartige Inhalte umgehend entfernen.<\/p>\n<p><strong>Haftung f\u00fcr Links:<\/strong><br \/>\nUnser Angebot enth\u00e4lt Links zu externen Websites Dritter, auf deren Inhalte wir keinen Einfluss haben. Deshalb k\u00f6nnen wir f\u00fcr diese fremden Inhalte keine Gew\u00e4hr \u00fcbernehmen. F\u00fcr die Inhalte der verlinkten Seiten ist stets der jeweilige Anbieter oder Betreiber der Seiten verantwortlich. Die verlinkten Seiten wurden zum Zeitpunkt der Verlinkung auf m\u00f6gliche Rechtsverst\u00f6\u00dfe \u00fcberpr\u00fcft. Rechtswidrige Inhalte waren zum Zeitpunkt der Verlinkung nicht erkennbar. Eine permanente inhaltliche Kontrolle der verlinkten Seiten ist jedoch ohne konkrete Anhaltspunkte einer Rechtsverletzung nicht zumutbar. Bei Bekanntwerden von Rechtsverletzungen werden wir derartige Links umgehend entfernen.<\/p>\n<p><strong>Information nach \u00a7 36 VSGB:<\/strong><br \/>\nAG-AQUA GbR , Andreas Gerber, beteiligt sich nicht an Verbraucherschlichtungs\u00adverfahren nach dem Verbraucherstreitbeilegungsgesetz. Wir m\u00f6chten Konflikte im direkten Gespr\u00e4ch mit unseren Kunden beilegen. Bitte nehmen Sie Kontakt mit uns auf unter: andreas.gerber@ag-aqua.de.<\/p>\n<p><strong>Newsletter:<\/strong><br \/>\nAnmeldung und Einwilligung: Durch die Anmeldung zu unserem Newsletter willigst Du ein, dass wir Deine E-Mail-Adresse verwenden, um Dir regelm\u00e4\u00dfig Informationen \u00fcber unsere Produkte und Angebote zuzusenden. Du kannst Deine Einwilligung jederzeit mit Wirkung f\u00fcr die Zukunft widerrufen.<br \/>\nDouble-Opt-In-Verfahren: Nach der Anmeldung erh\u00e4lst Du eine E-Mail, in der Du um die Best\u00e4tigung Deiner Anmeldung gebeten wirst. Diese Best\u00e4tigung ist notwendig, um sicherzustellen, dass Du der Inhaber der angegebenen E-Mail-Adresse bist und den Newsletter tats\u00e4chlich erhalten m\u00f6chtest.<br \/>\nDatenschutz: Wir legen gro\u00dfen Wert auf den Schutz Deiner Daten. Deine E-Mail-Adresse wird ausschlie\u00dflich f\u00fcr den Versand unseres Newsletters verwendet und nicht an Dritte weitergegeben. Weitere Informationen findest Du in unserer Datenschutzerkl\u00e4rung (<a href=\"https:\/\/ag-foto.de\/?page_id=840\">Link zur Datenschutzerkl\u00e4rung<\/a>).<br \/>\nAbmeldung: Du kannst den Newsletter jederzeit abbestellen, indem Du auf den Abmeldelink am Ende jedes Newsletters klickst oder uns eine entsprechende Nachricht an ag@ag-foto.de sendest.<\/p>\n<p><strong>Hinweise zum \u00c4nderungsstand:<\/strong><br \/>\nDer am Ende jeder Seite angegebene \u00c4nderungsstand gibt das Datum der letzten redaktionellen \u00c4nderung wieder.<\/p>\n<p>Walzbachtal 14.06.2024<\/p>\n","protected":false},"excerpt":{"rendered":"<p>Angaben gem\u00e4\u00df \u00a7 5 TMG Herausgeber: Andreas Gerber Am Giessh\u00fcbel 1 75045 Walzbachtal Germany Verantwortliche Vertreter: Andreas Gerber Am Giessh\u00fcbel 1 75045 Walzbachtal Germany Telefon: ++49 (0) 170-925-1730 E-Mail: andreas.gerber@ag-aqua.de Gesch\u00e4ftsstelle: Andreas Gerber Gbr Am Giessh\u00fcbel 1 75045 Walzbachtal Germany Telefon: ++49(0) 170-925-1730 E-Mail: info@ag-aqua.de Umsatztsteuer -ID: Umsatzsteuer- Identifikationsnummer gem\u00e4\u00df \u00a7 27 a Umsatzsteuergesetz: USt-IdNr.: &hellip; <\/p>\n<p class=\"link-more\"><a href=\"https:\/\/ag-foto.de\/?page_id=9\" class=\"more-link\">Mehr <span class=\"screen-reader-text\">\u00fcber &#8222;Impressum&#8220; <\/span>Lesen<\/a><\/p>\n","protected":false},"author":1,"featured_media":0,"parent":0,"menu_order":910,"comment_status":"closed","ping_status":"closed","template":"","meta":{"_glsr_average":0,"_glsr_ranking":0,"_glsr_reviews":0,"two_page_speed":[],"footnotes":""},"class_list":["post-9","page","type-page","status-publish","hentry"],"yoast_head":"<!-- This site is optimized with the Yoast SEO plugin v27.5 - https:\/\/yoast.com\/product\/yoast-seo-wordpress\/ -->\n<title>Impressum - FOTOGRAPHIE OF MOMENTS<\/title>\n<meta name=\"robots\" content=\"index, follow, max-snippet:-1, max-image-preview:large, max-video-preview:-1\" \/>\n<link rel=\"canonical\" href=\"https:\/\/ag-foto.de\/?page_id=9\" \/>\n<meta property=\"og:locale\" content=\"de_DE\" \/>\n<meta property=\"og:type\" content=\"article\" \/>\n<meta property=\"og:title\" content=\"Impressum - FOTOGRAPHIE OF MOMENTS\" \/>\n<meta property=\"og:description\" content=\"Angaben gem\u00e4\u00df \u00a7 5 TMG Herausgeber: Andreas Gerber Am Giessh\u00fcbel 1 75045 Walzbachtal Germany Verantwortliche Vertreter: Andreas Gerber Am Giessh\u00fcbel 1 75045 Walzbachtal Germany Telefon: ++49 (0) 170-925-1730 E-Mail: andreas.gerber@ag-aqua.de Gesch\u00e4ftsstelle: Andreas Gerber Gbr Am Giessh\u00fcbel 1 75045 Walzbachtal Germany Telefon: ++49(0) 170-925-1730 E-Mail: info@ag-aqua.de Umsatztsteuer -ID: Umsatzsteuer- Identifikationsnummer gem\u00e4\u00df \u00a7 27 a Umsatzsteuergesetz: USt-IdNr.: &hellip; Mehr \u00fcber &quot;Impressum&quot; Lesen\" \/>\n<meta property=\"og:url\" content=\"https:\/\/ag-foto.de\/?page_id=9\" \/>\n<meta property=\"og:site_name\" content=\"FOTOGRAPHIE OF MOMENTS\" \/>\n<meta property=\"article:publisher\" content=\"https:\/\/www.facebook.com\/uwfoto\" \/>\n<meta property=\"article:modified_time\" content=\"2024-06-17T09:28:45+00:00\" \/>\n<meta name=\"twitter:card\" content=\"summary_large_image\" \/>\n<meta name=\"twitter:site\" content=\"@INFO_GERBER\" \/>\n<meta name=\"twitter:label1\" content=\"Gesch\u00e4tzte Lesezeit\" \/>\n\t<meta name=\"twitter:data1\" content=\"4\u00a0Minuten\" \/>\n<script type=\"application\/ld+json\" class=\"yoast-schema-graph\">{\"@context\":\"https:\\\/\\\/schema.org\",\"@graph\":[{\"@type\":\"WebPage\",\"@id\":\"https:\\\/\\\/ag-foto.de\\\/?page_id=9\",\"url\":\"https:\\\/\\\/ag-foto.de\\\/?page_id=9\",\"name\":\"Impressum - FOTOGRAPHIE OF MOMENTS\",\"isPartOf\":{\"@id\":\"https:\\\/\\\/ag-foto.de\\\/#website\"},\"datePublished\":\"2018-10-14T16:25:01+00:00\",\"dateModified\":\"2024-06-17T09:28:45+00:00\",\"breadcrumb\":{\"@id\":\"https:\\\/\\\/ag-foto.de\\\/?page_id=9#breadcrumb\"},\"inLanguage\":\"de\",\"potentialAction\":[{\"@type\":\"ReadAction\",\"target\":[\"https:\\\/\\\/ag-foto.de\\\/?page_id=9\"]}]},{\"@type\":\"BreadcrumbList\",\"@id\":\"https:\\\/\\\/ag-foto.de\\\/?page_id=9#breadcrumb\",\"itemListElement\":[{\"@type\":\"ListItem\",\"position\":1,\"name\":\"Startseite\",\"item\":\"https:\\\/\\\/ag-foto.de\\\/\"},{\"@type\":\"ListItem\",\"position\":2,\"name\":\"Impressum\"}]},{\"@type\":\"WebSite\",\"@id\":\"https:\\\/\\\/ag-foto.de\\\/#website\",\"url\":\"https:\\\/\\\/ag-foto.de\\\/\",\"name\":\"FOTOGRAPHIE OF MOMENTS\",\"description\":\"Studio | Portrait | In- Outdoor | Homestory | Unterwasserfotografie\",\"potentialAction\":[{\"@type\":\"SearchAction\",\"target\":{\"@type\":\"EntryPoint\",\"urlTemplate\":\"https:\\\/\\\/ag-foto.de\\\/?s={search_term_string}\"},\"query-input\":{\"@type\":\"PropertyValueSpecification\",\"valueRequired\":true,\"valueName\":\"search_term_string\"}}],\"inLanguage\":\"de\"}]}<\/script>\n<!-- \/ Yoast SEO plugin. -->","yoast_head_json":{"title":"Impressum - FOTOGRAPHIE OF MOMENTS","robots":{"index":"index","follow":"follow","max-snippet":"max-snippet:-1","max-image-preview":"max-image-preview:large","max-video-preview":"max-video-preview:-1"},"canonical":"https:\/\/ag-foto.de\/?page_id=9","og_locale":"de_DE","og_type":"article","og_title":"Impressum - FOTOGRAPHIE OF MOMENTS","og_description":"Angaben gem\u00e4\u00df \u00a7 5 TMG Herausgeber: Andreas Gerber Am Giessh\u00fcbel 1 75045 Walzbachtal Germany Verantwortliche Vertreter: Andreas Gerber Am Giessh\u00fcbel 1 75045 Walzbachtal Germany Telefon: ++49 (0) 170-925-1730 E-Mail: andreas.gerber@ag-aqua.de Gesch\u00e4ftsstelle: Andreas Gerber Gbr Am Giessh\u00fcbel 1 75045 Walzbachtal Germany Telefon: ++49(0) 170-925-1730 E-Mail: info@ag-aqua.de Umsatztsteuer -ID: Umsatzsteuer- Identifikationsnummer gem\u00e4\u00df \u00a7 27 a Umsatzsteuergesetz: USt-IdNr.: &hellip; Mehr \u00fcber \"Impressum\" Lesen","og_url":"https:\/\/ag-foto.de\/?page_id=9","og_site_name":"FOTOGRAPHIE OF MOMENTS","article_publisher":"https:\/\/www.facebook.com\/uwfoto","article_modified_time":"2024-06-17T09:28:45+00:00","twitter_card":"summary_large_image","twitter_site":"@INFO_GERBER","twitter_misc":{"Gesch\u00e4tzte Lesezeit":"4\u00a0Minuten"},"schema":{"@context":"https:\/\/schema.org","@graph":[{"@type":"WebPage","@id":"https:\/\/ag-foto.de\/?page_id=9","url":"https:\/\/ag-foto.de\/?page_id=9","name":"Impressum - FOTOGRAPHIE OF MOMENTS","isPartOf":{"@id":"https:\/\/ag-foto.de\/#website"},"datePublished":"2018-10-14T16:25:01+00:00","dateModified":"2024-06-17T09:28:45+00:00","breadcrumb":{"@id":"https:\/\/ag-foto.de\/?page_id=9#breadcrumb"},"inLanguage":"de","potentialAction":[{"@type":"ReadAction","target":["https:\/\/ag-foto.de\/?page_id=9"]}]},{"@type":"BreadcrumbList","@id":"https:\/\/ag-foto.de\/?page_id=9#breadcrumb","itemListElement":[{"@type":"ListItem","position":1,"name":"Startseite","item":"https:\/\/ag-foto.de\/"},{"@type":"ListItem","position":2,"name":"Impressum"}]},{"@type":"WebSite","@id":"https:\/\/ag-foto.de\/#website","url":"https:\/\/ag-foto.de\/","name":"FOTOGRAPHIE OF MOMENTS","description":"Studio | Portrait | In- Outdoor | Homestory | Unterwasserfotografie","potentialAction":[{"@type":"SearchAction","target":{"@type":"EntryPoint","urlTemplate":"https:\/\/ag-foto.de\/?s={search_term_string}"},"query-input":{"@type":"PropertyValueSpecification","valueRequired":true,"valueName":"search_term_string"}}],"inLanguage":"de"}]}},"_links":{"self":[{"href":"https:\/\/ag-foto.de\/index.php?rest_route=\/wp\/v2\/pages\/9","targetHints":{"allow":["GET"]}}],"collection":[{"href":"https:\/\/ag-foto.de\/index.php?rest_route=\/wp\/v2\/pages"}],"about":[{"href":"https:\/\/ag-foto.de\/index.php?rest_route=\/wp\/v2\/types\/page"}],"author":[{"embeddable":true,"href":"https:\/\/ag-foto.de\/index.php?rest_route=\/wp\/v2\/users\/1"}],"replies":[{"embeddable":true,"href":"https:\/\/ag-foto.de\/index.php?rest_route=%2Fwp%2Fv2%2Fcomments&post=9"}],"version-history":[{"count":0,"href":"https:\/\/ag-foto.de\/index.php?rest_route=\/wp\/v2\/pages\/9\/revisions"}],"wp:attachment":[{"href":"https:\/\/ag-foto.de\/index.php?rest_route=%2Fwp%2Fv2%2Fmedia&parent=9"}],"curies":[{"name":"wp","href":"https:\/\/api.w.org\/{rel}","templated":true}]}}