{"id":686,"date":"2021-07-27T22:14:59","date_gmt":"2021-07-27T22:14:59","guid":{"rendered":"http:\/\/ag-foto.de\/?page_id=686"},"modified":"2024-05-31T06:10:55","modified_gmt":"2024-05-31T06:10:55","slug":"after-wedding","status":"publish","type":"page","link":"https:\/\/ag-foto.de\/?page_id=686","title":{"rendered":"Wedding Reportage"},"content":{"rendered":"\n<hr class=\"wp-block-separator has-alpha-channel-opacity\"\/>\n\n\n\n<p class=\"has-text-color\" style=\"color:#1a05d2\"><strong>\u201eHaltet Euren gro\u00dfen Moment fest!&#8220;<\/strong><\/p>\n\n\n\n<p>Eine Hochzeitsreportage l\u00e4sst den Tag noch einmal Revue passieren. Fang den <strong>Zauber <\/strong>und die <strong>Emotionen <\/strong>Deines <strong>gro\u00dfen Tages <\/strong>mit unserer hochwertigen Hochzeitsreportage ein! Wir sind darauf spezialisiert, die <strong>wichtigsten Momente<\/strong> Deiner Hochzeit einzufangen, von herzerw\u00e4rmenden Blicken bis hin zu Freudentr\u00e4nen. Unser Ziel ist es, jede kostbare Sekunde in <strong>zeitlosen Bildern<\/strong> festzuhalten, die euch ein Leben lang begleiten werden.<\/p>\n\n\n\n<p>Vertraut uns, damit wir eure Liebesgeschichte in atemberaubende Bilder verwandeln und euren Tag f\u00fcr immer unvergesslich machen.<\/p>\n\n\n\n<p>Kontaktiert uns jetzt, um eure Hochzeit in ein visuelles Meisterwerk zu verwandeln! Anbei ein paar Fotos von unseren letzten Shootings bzw weiterer Info zu dem Thema Wedding findet Ihr hier: <a href=\"https:\/\/ag-foto.de\/?page_id=2277\">Bridal-Boudoir<\/a> oder <a href=\"https:\/\/ag-foto.de\/?page_id=681\">Wedding<\/a><\/p>\n\n\n\n<p class=\"has-text-color has-small-font-size\" style=\"color:#1a05d2\"><\/p>\n\n\n\n<figure class=\"wp-block-gallery has-nested-images columns-default is-cropped wp-block-gallery-1 is-layout-flex wp-block-gallery-is-layout-flex\">\n<figure class=\"wp-block-image size-large\"><a href=\"https:\/\/ag-foto.de\/wp-content\/uploads\/2022\/12\/Sandra-02.png\"><img fetchpriority=\"high\" decoding=\"async\" width=\"1024\" height=\"1024\" data-id=\"952\" src=\"https:\/\/ag-foto.de\/wp-content\/uploads\/2022\/12\/Sandra-02-1024x1024.png\" alt=\"\" class=\"wp-image-952\" srcset=\"https:\/\/ag-foto.de\/wp-content\/uploads\/2022\/12\/Sandra-02-1024x1024.png 1024w, https:\/\/ag-foto.de\/wp-content\/uploads\/2022\/12\/Sandra-02-300x300.png 300w, https:\/\/ag-foto.de\/wp-content\/uploads\/2022\/12\/Sandra-02-150x150.png 150w, https:\/\/ag-foto.de\/wp-content\/uploads\/2022\/12\/Sandra-02-768x769.png 768w, https:\/\/ag-foto.de\/wp-content\/uploads\/2022\/12\/Sandra-02.png 1067w\" sizes=\"(max-width: 1024px) 100vw, 1024px\" \/><\/a><\/figure>\n\n\n\n<figure class=\"wp-block-image size-large\"><a href=\"https:\/\/ag-foto.de\/wp-content\/uploads\/2022\/12\/Sandra-06.png\"><img decoding=\"async\" width=\"1024\" height=\"1024\" data-id=\"956\" src=\"https:\/\/ag-foto.de\/wp-content\/uploads\/2022\/12\/Sandra-06-1024x1024.png\" alt=\"\" class=\"wp-image-956\" srcset=\"https:\/\/ag-foto.de\/wp-content\/uploads\/2022\/12\/Sandra-06-1024x1024.png 1024w, https:\/\/ag-foto.de\/wp-content\/uploads\/2022\/12\/Sandra-06-300x300.png 300w, https:\/\/ag-foto.de\/wp-content\/uploads\/2022\/12\/Sandra-06-150x150.png 150w, https:\/\/ag-foto.de\/wp-content\/uploads\/2022\/12\/Sandra-06-768x769.png 768w, https:\/\/ag-foto.de\/wp-content\/uploads\/2022\/12\/Sandra-06.png 1067w\" sizes=\"(max-width: 1024px) 100vw, 1024px\" \/><\/a><\/figure>\n\n\n\n<figure class=\"wp-block-image size-large\"><a href=\"https:\/\/ag-foto.de\/wp-content\/uploads\/2022\/12\/Sandra-01.png\"><img decoding=\"async\" width=\"1024\" height=\"1024\" data-id=\"951\" src=\"https:\/\/ag-foto.de\/wp-content\/uploads\/2022\/12\/Sandra-01-1024x1024.png\" alt=\"\" class=\"wp-image-951\" srcset=\"https:\/\/ag-foto.de\/wp-content\/uploads\/2022\/12\/Sandra-01-1024x1024.png 1024w, https:\/\/ag-foto.de\/wp-content\/uploads\/2022\/12\/Sandra-01-300x300.png 300w, https:\/\/ag-foto.de\/wp-content\/uploads\/2022\/12\/Sandra-01-150x150.png 150w, https:\/\/ag-foto.de\/wp-content\/uploads\/2022\/12\/Sandra-01-768x769.png 768w, https:\/\/ag-foto.de\/wp-content\/uploads\/2022\/12\/Sandra-01.png 1067w\" sizes=\"(max-width: 1024px) 100vw, 1024px\" \/><\/a><\/figure>\n\n\n\n<figure class=\"wp-block-image size-large\"><a href=\"https:\/\/ag-foto.de\/wp-content\/uploads\/2022\/12\/Sandra-07-1.png\"><img loading=\"lazy\" decoding=\"async\" width=\"1024\" height=\"1024\" data-id=\"957\" src=\"https:\/\/ag-foto.de\/wp-content\/uploads\/2022\/12\/Sandra-07-1-1024x1024.png\" alt=\"\" class=\"wp-image-957\" srcset=\"https:\/\/ag-foto.de\/wp-content\/uploads\/2022\/12\/Sandra-07-1-1024x1024.png 1024w, https:\/\/ag-foto.de\/wp-content\/uploads\/2022\/12\/Sandra-07-1-300x300.png 300w, https:\/\/ag-foto.de\/wp-content\/uploads\/2022\/12\/Sandra-07-1-150x150.png 150w, https:\/\/ag-foto.de\/wp-content\/uploads\/2022\/12\/Sandra-07-1-768x769.png 768w, https:\/\/ag-foto.de\/wp-content\/uploads\/2022\/12\/Sandra-07-1.png 1067w\" sizes=\"(max-width: 1024px) 100vw, 1024px\" \/><\/a><\/figure>\n\n\n\n<figure class=\"wp-block-image size-large\"><a href=\"https:\/\/ag-foto.de\/wp-content\/uploads\/2022\/12\/Sandra-03-1.png\"><img loading=\"lazy\" decoding=\"async\" width=\"1024\" height=\"1024\" data-id=\"953\" src=\"https:\/\/ag-foto.de\/wp-content\/uploads\/2022\/12\/Sandra-03-1-1024x1024.png\" alt=\"\" class=\"wp-image-953\" srcset=\"https:\/\/ag-foto.de\/wp-content\/uploads\/2022\/12\/Sandra-03-1-1024x1024.png 1024w, https:\/\/ag-foto.de\/wp-content\/uploads\/2022\/12\/Sandra-03-1-300x300.png 300w, https:\/\/ag-foto.de\/wp-content\/uploads\/2022\/12\/Sandra-03-1-150x150.png 150w, https:\/\/ag-foto.de\/wp-content\/uploads\/2022\/12\/Sandra-03-1-768x769.png 768w, https:\/\/ag-foto.de\/wp-content\/uploads\/2022\/12\/Sandra-03-1.png 1067w\" sizes=\"(max-width: 1024px) 100vw, 1024px\" \/><\/a><\/figure>\n\n\n\n<figure class=\"wp-block-image size-large\"><a href=\"https:\/\/ag-foto.de\/wp-content\/uploads\/2022\/12\/Sandra-05.png\"><img loading=\"lazy\" decoding=\"async\" width=\"1024\" height=\"1024\" data-id=\"955\" src=\"https:\/\/ag-foto.de\/wp-content\/uploads\/2022\/12\/Sandra-05-1024x1024.png\" alt=\"\" class=\"wp-image-955\" srcset=\"https:\/\/ag-foto.de\/wp-content\/uploads\/2022\/12\/Sandra-05-1024x1024.png 1024w, https:\/\/ag-foto.de\/wp-content\/uploads\/2022\/12\/Sandra-05-300x300.png 300w, https:\/\/ag-foto.de\/wp-content\/uploads\/2022\/12\/Sandra-05-150x150.png 150w, https:\/\/ag-foto.de\/wp-content\/uploads\/2022\/12\/Sandra-05-768x769.png 768w, https:\/\/ag-foto.de\/wp-content\/uploads\/2022\/12\/Sandra-05.png 1067w\" sizes=\"(max-width: 1024px) 100vw, 1024px\" \/><\/a><\/figure>\n<\/figure>\n\n\n\n<div class=\"wp-block-buttons is-content-justification-center is-layout-flex wp-container-core-buttons-is-layout-a89b3969 wp-block-buttons-is-layout-flex\">\n<div class=\"wp-block-button\"><a class=\"wp-block-button__link has-black-color has-vivid-cyan-blue-background-color has-text-color has-background wp-element-button\" href=\"https:\/\/ag-foto.de\/?page_id=1297\">Hier kommst Du zu unseren Leistungen und Preise<\/a><\/div>\n<\/div>\n","protected":false},"excerpt":{"rendered":"<p>\u201eHaltet Euren gro\u00dfen Moment fest!&#8220; Eine Hochzeitsreportage l\u00e4sst den Tag noch einmal Revue passieren. Fang den Zauber und die Emotionen Deines gro\u00dfen Tages mit unserer hochwertigen Hochzeitsreportage ein! Wir sind darauf spezialisiert, die wichtigsten Momente Deiner Hochzeit einzufangen, von herzerw\u00e4rmenden Blicken bis hin zu Freudentr\u00e4nen. Unser Ziel ist es, jede kostbare Sekunde in zeitlosen Bildern &hellip; <\/p>\n<p class=\"link-more\"><a href=\"https:\/\/ag-foto.de\/?page_id=686\" class=\"more-link\">Mehr <span class=\"screen-reader-text\">\u00fcber &#8222;Wedding Reportage&#8220; <\/span>Lesen<\/a><\/p>\n","protected":false},"author":1,"featured_media":0,"parent":416,"menu_order":40,"comment_status":"closed","ping_status":"closed","template":"","meta":{"_glsr_average":0,"_glsr_ranking":0,"_glsr_reviews":0,"two_page_speed":[],"footnotes":""},"class_list":["post-686","page","type-page","status-publish","hentry"],"yoast_head":"<!-- This site is optimized with the Yoast SEO plugin v27.5 - https:\/\/yoast.com\/product\/yoast-seo-wordpress\/ -->\n<title>Wedding Reportage - FOTOGRAPHIE OF MOMENTS<\/title>\n<meta name=\"robots\" content=\"index, follow, max-snippet:-1, max-image-preview:large, max-video-preview:-1\" \/>\n<link rel=\"canonical\" href=\"https:\/\/ag-foto.de\/?page_id=686\" \/>\n<meta property=\"og:locale\" content=\"de_DE\" \/>\n<meta property=\"og:type\" content=\"article\" \/>\n<meta property=\"og:title\" content=\"Wedding Reportage - FOTOGRAPHIE OF MOMENTS\" \/>\n<meta property=\"og:description\" content=\"\u201eHaltet Euren gro\u00dfen Moment fest!&#8220; Eine Hochzeitsreportage l\u00e4sst den Tag noch einmal Revue passieren. Fang den Zauber und die Emotionen Deines gro\u00dfen Tages mit unserer hochwertigen Hochzeitsreportage ein! Wir sind darauf spezialisiert, die wichtigsten Momente Deiner Hochzeit einzufangen, von herzerw\u00e4rmenden Blicken bis hin zu Freudentr\u00e4nen. Unser Ziel ist es, jede kostbare Sekunde in zeitlosen Bildern &hellip; Mehr \u00fcber &quot;Wedding Reportage&quot; Lesen\" \/>\n<meta property=\"og:url\" content=\"https:\/\/ag-foto.de\/?page_id=686\" \/>\n<meta property=\"og:site_name\" content=\"FOTOGRAPHIE OF MOMENTS\" \/>\n<meta property=\"article:publisher\" content=\"https:\/\/www.facebook.com\/uwfoto\" \/>\n<meta property=\"article:modified_time\" content=\"2024-05-31T06:10:55+00:00\" \/>\n<meta property=\"og:image\" content=\"https:\/\/ag-foto.de\/wp-content\/uploads\/2022\/12\/Sandra-02-1024x1024.png\" \/>\n<meta name=\"twitter:card\" content=\"summary_large_image\" \/>\n<meta name=\"twitter:site\" content=\"@INFO_GERBER\" \/>\n<meta name=\"twitter:label1\" content=\"Gesch\u00e4tzte Lesezeit\" \/>\n\t<meta name=\"twitter:data1\" content=\"2\u00a0Minuten\" \/>\n<script type=\"application\/ld+json\" class=\"yoast-schema-graph\">{\"@context\":\"https:\\\/\\\/schema.org\",\"@graph\":[{\"@type\":\"WebPage\",\"@id\":\"https:\\\/\\\/ag-foto.de\\\/?page_id=686\",\"url\":\"https:\\\/\\\/ag-foto.de\\\/?page_id=686\",\"name\":\"Wedding Reportage - FOTOGRAPHIE OF MOMENTS\",\"isPartOf\":{\"@id\":\"https:\\\/\\\/ag-foto.de\\\/#website\"},\"primaryImageOfPage\":{\"@id\":\"https:\\\/\\\/ag-foto.de\\\/?page_id=686#primaryimage\"},\"image\":{\"@id\":\"https:\\\/\\\/ag-foto.de\\\/?page_id=686#primaryimage\"},\"thumbnailUrl\":\"https:\\\/\\\/ag-foto.de\\\/wp-content\\\/uploads\\\/2022\\\/12\\\/Sandra-02-1024x1024.png\",\"datePublished\":\"2021-07-27T22:14:59+00:00\",\"dateModified\":\"2024-05-31T06:10:55+00:00\",\"breadcrumb\":{\"@id\":\"https:\\\/\\\/ag-foto.de\\\/?page_id=686#breadcrumb\"},\"inLanguage\":\"de\",\"potentialAction\":[{\"@type\":\"ReadAction\",\"target\":[\"https:\\\/\\\/ag-foto.de\\\/?page_id=686\"]}]},{\"@type\":\"ImageObject\",\"inLanguage\":\"de\",\"@id\":\"https:\\\/\\\/ag-foto.de\\\/?page_id=686#primaryimage\",\"url\":\"https:\\\/\\\/ag-foto.de\\\/wp-content\\\/uploads\\\/2022\\\/12\\\/Sandra-02.png\",\"contentUrl\":\"https:\\\/\\\/ag-foto.de\\\/wp-content\\\/uploads\\\/2022\\\/12\\\/Sandra-02.png\",\"width\":1067,\"height\":1068},{\"@type\":\"BreadcrumbList\",\"@id\":\"https:\\\/\\\/ag-foto.de\\\/?page_id=686#breadcrumb\",\"itemListElement\":[{\"@type\":\"ListItem\",\"position\":1,\"name\":\"Startseite\",\"item\":\"https:\\\/\\\/ag-foto.de\\\/\"},{\"@type\":\"ListItem\",\"position\":2,\"name\":\"Shooting-Erlebnisse\",\"item\":\"https:\\\/\\\/ag-foto.de\\\/?page_id=416\"},{\"@type\":\"ListItem\",\"position\":3,\"name\":\"Wedding Reportage\"}]},{\"@type\":\"WebSite\",\"@id\":\"https:\\\/\\\/ag-foto.de\\\/#website\",\"url\":\"https:\\\/\\\/ag-foto.de\\\/\",\"name\":\"FOTOGRAPHIE OF MOMENTS\",\"description\":\"Studio | Portrait | In- Outdoor | Homestory | Unterwasserfotografie\",\"potentialAction\":[{\"@type\":\"SearchAction\",\"target\":{\"@type\":\"EntryPoint\",\"urlTemplate\":\"https:\\\/\\\/ag-foto.de\\\/?s={search_term_string}\"},\"query-input\":{\"@type\":\"PropertyValueSpecification\",\"valueRequired\":true,\"valueName\":\"search_term_string\"}}],\"inLanguage\":\"de\"}]}<\/script>\n<!-- \/ Yoast SEO plugin. -->","yoast_head_json":{"title":"Wedding Reportage - FOTOGRAPHIE OF MOMENTS","robots":{"index":"index","follow":"follow","max-snippet":"max-snippet:-1","max-image-preview":"max-image-preview:large","max-video-preview":"max-video-preview:-1"},"canonical":"https:\/\/ag-foto.de\/?page_id=686","og_locale":"de_DE","og_type":"article","og_title":"Wedding Reportage - FOTOGRAPHIE OF MOMENTS","og_description":"\u201eHaltet Euren gro\u00dfen Moment fest!&#8220; Eine Hochzeitsreportage l\u00e4sst den Tag noch einmal Revue passieren. Fang den Zauber und die Emotionen Deines gro\u00dfen Tages mit unserer hochwertigen Hochzeitsreportage ein! Wir sind darauf spezialisiert, die wichtigsten Momente Deiner Hochzeit einzufangen, von herzerw\u00e4rmenden Blicken bis hin zu Freudentr\u00e4nen. Unser Ziel ist es, jede kostbare Sekunde in zeitlosen Bildern &hellip; Mehr \u00fcber \"Wedding Reportage\" Lesen","og_url":"https:\/\/ag-foto.de\/?page_id=686","og_site_name":"FOTOGRAPHIE OF MOMENTS","article_publisher":"https:\/\/www.facebook.com\/uwfoto","article_modified_time":"2024-05-31T06:10:55+00:00","og_image":[{"url":"https:\/\/ag-foto.de\/wp-content\/uploads\/2022\/12\/Sandra-02-1024x1024.png","type":"","width":"","height":""}],"twitter_card":"summary_large_image","twitter_site":"@INFO_GERBER","twitter_misc":{"Gesch\u00e4tzte Lesezeit":"2\u00a0Minuten"},"schema":{"@context":"https:\/\/schema.org","@graph":[{"@type":"WebPage","@id":"https:\/\/ag-foto.de\/?page_id=686","url":"https:\/\/ag-foto.de\/?page_id=686","name":"Wedding Reportage - FOTOGRAPHIE OF MOMENTS","isPartOf":{"@id":"https:\/\/ag-foto.de\/#website"},"primaryImageOfPage":{"@id":"https:\/\/ag-foto.de\/?page_id=686#primaryimage"},"image":{"@id":"https:\/\/ag-foto.de\/?page_id=686#primaryimage"},"thumbnailUrl":"https:\/\/ag-foto.de\/wp-content\/uploads\/2022\/12\/Sandra-02-1024x1024.png","datePublished":"2021-07-27T22:14:59+00:00","dateModified":"2024-05-31T06:10:55+00:00","breadcrumb":{"@id":"https:\/\/ag-foto.de\/?page_id=686#breadcrumb"},"inLanguage":"de","potentialAction":[{"@type":"ReadAction","target":["https:\/\/ag-foto.de\/?page_id=686"]}]},{"@type":"ImageObject","inLanguage":"de","@id":"https:\/\/ag-foto.de\/?page_id=686#primaryimage","url":"https:\/\/ag-foto.de\/wp-content\/uploads\/2022\/12\/Sandra-02.png","contentUrl":"https:\/\/ag-foto.de\/wp-content\/uploads\/2022\/12\/Sandra-02.png","width":1067,"height":1068},{"@type":"BreadcrumbList","@id":"https:\/\/ag-foto.de\/?page_id=686#breadcrumb","itemListElement":[{"@type":"ListItem","position":1,"name":"Startseite","item":"https:\/\/ag-foto.de\/"},{"@type":"ListItem","position":2,"name":"Shooting-Erlebnisse","item":"https:\/\/ag-foto.de\/?page_id=416"},{"@type":"ListItem","position":3,"name":"Wedding Reportage"}]},{"@type":"WebSite","@id":"https:\/\/ag-foto.de\/#website","url":"https:\/\/ag-foto.de\/","name":"FOTOGRAPHIE OF MOMENTS","description":"Studio | Portrait | In- Outdoor | Homestory | Unterwasserfotografie","potentialAction":[{"@type":"SearchAction","target":{"@type":"EntryPoint","urlTemplate":"https:\/\/ag-foto.de\/?s={search_term_string}"},"query-input":{"@type":"PropertyValueSpecification","valueRequired":true,"valueName":"search_term_string"}}],"inLanguage":"de"}]}},"_links":{"self":[{"href":"https:\/\/ag-foto.de\/index.php?rest_route=\/wp\/v2\/pages\/686","targetHints":{"allow":["GET"]}}],"collection":[{"href":"https:\/\/ag-foto.de\/index.php?rest_route=\/wp\/v2\/pages"}],"about":[{"href":"https:\/\/ag-foto.de\/index.php?rest_route=\/wp\/v2\/types\/page"}],"author":[{"embeddable":true,"href":"https:\/\/ag-foto.de\/index.php?rest_route=\/wp\/v2\/users\/1"}],"replies":[{"embeddable":true,"href":"https:\/\/ag-foto.de\/index.php?rest_route=%2Fwp%2Fv2%2Fcomments&post=686"}],"version-history":[{"count":0,"href":"https:\/\/ag-foto.de\/index.php?rest_route=\/wp\/v2\/pages\/686\/revisions"}],"up":[{"embeddable":true,"href":"https:\/\/ag-foto.de\/index.php?rest_route=\/wp\/v2\/pages\/416"}],"wp:attachment":[{"href":"https:\/\/ag-foto.de\/index.php?rest_route=%2Fwp%2Fv2%2Fmedia&parent=686"}],"curies":[{"name":"wp","href":"https:\/\/api.w.org\/{rel}","templated":true}]}}