{"id":643,"date":"2021-07-25T20:48:02","date_gmt":"2021-07-25T20:48:02","guid":{"rendered":"http:\/\/ag-foto.de\/?page_id=643"},"modified":"2026-01-03T00:14:41","modified_gmt":"2026-01-02T23:14:41","slug":"portrait-fotografie","status":"publish","type":"page","link":"https:\/\/ag-foto.de\/?page_id=643","title":{"rendered":"Portrait-Shooting"},"content":{"rendered":"\n<h3 class=\"wp-block-heading has-primary-color has-text-color has-link-color wp-elements-b185e39f3036814372ab201f0c75db49\">M<strong>ehr als nur ein Gesicht<\/strong><\/h3>\n\n\n\n<p>Wir halten in der Portr\u00e4tfotografie nicht einfach nur K\u00f6pfe fest \u2013 wir zeigen den Menschen in seiner ganzen Pers\u00f6nlichkeit. Unser Ziel ist es, Charakter und Ausstrahlung authentisch einzufangen und dem Betrachter n\u00e4herzubringen. Dabei entsteht ein Zusammenspiel aus Pers\u00f6nlichkeit, nat\u00fcrlicher Ausstrahlung und Umgebung.<\/p>\n\n\n\n<figure class=\"wp-block-gallery has-nested-images columns-default is-cropped wp-block-gallery-1 is-layout-flex wp-block-gallery-is-layout-flex\">\n<figure class=\"wp-block-image size-large\"><a href=\"https:\/\/ag-foto.de\/wp-content\/uploads\/2023\/10\/Sessel-Q-01.png\"><img fetchpriority=\"high\" decoding=\"async\" width=\"1024\" height=\"1024\" data-id=\"1735\" src=\"https:\/\/ag-foto.de\/wp-content\/uploads\/2023\/10\/Sessel-Q-01-1024x1024.png\" alt=\"\" class=\"wp-image-1735\" srcset=\"https:\/\/ag-foto.de\/wp-content\/uploads\/2023\/10\/Sessel-Q-01-1024x1024.png 1024w, https:\/\/ag-foto.de\/wp-content\/uploads\/2023\/10\/Sessel-Q-01-300x300.png 300w, https:\/\/ag-foto.de\/wp-content\/uploads\/2023\/10\/Sessel-Q-01-150x150.png 150w, https:\/\/ag-foto.de\/wp-content\/uploads\/2023\/10\/Sessel-Q-01-768x769.png 768w, https:\/\/ag-foto.de\/wp-content\/uploads\/2023\/10\/Sessel-Q-01-600x600.png 600w, https:\/\/ag-foto.de\/wp-content\/uploads\/2023\/10\/Sessel-Q-01.png 1067w\" sizes=\"(max-width: 1024px) 100vw, 1024px\" \/><\/a><\/figure>\n\n\n\n<figure class=\"wp-block-image size-large\"><a href=\"https:\/\/ag-foto.de\/wp-content\/uploads\/2023\/10\/Sessel-Q-03.png\"><img decoding=\"async\" width=\"1024\" height=\"1024\" data-id=\"1737\" src=\"https:\/\/ag-foto.de\/wp-content\/uploads\/2023\/10\/Sessel-Q-03-1024x1024.png\" alt=\"\" class=\"wp-image-1737\" srcset=\"https:\/\/ag-foto.de\/wp-content\/uploads\/2023\/10\/Sessel-Q-03-1024x1024.png 1024w, https:\/\/ag-foto.de\/wp-content\/uploads\/2023\/10\/Sessel-Q-03-300x300.png 300w, https:\/\/ag-foto.de\/wp-content\/uploads\/2023\/10\/Sessel-Q-03-150x150.png 150w, https:\/\/ag-foto.de\/wp-content\/uploads\/2023\/10\/Sessel-Q-03-768x769.png 768w, https:\/\/ag-foto.de\/wp-content\/uploads\/2023\/10\/Sessel-Q-03-600x600.png 600w, https:\/\/ag-foto.de\/wp-content\/uploads\/2023\/10\/Sessel-Q-03.png 1067w\" sizes=\"(max-width: 1024px) 100vw, 1024px\" \/><\/a><\/figure>\n\n\n\n<figure class=\"wp-block-image size-large\"><a href=\"https:\/\/ag-foto.de\/wp-content\/uploads\/2023\/10\/Sessel-Q-02.png\"><img decoding=\"async\" width=\"1024\" height=\"1024\" data-id=\"1736\" src=\"https:\/\/ag-foto.de\/wp-content\/uploads\/2023\/10\/Sessel-Q-02-1024x1024.png\" alt=\"\" class=\"wp-image-1736\" srcset=\"https:\/\/ag-foto.de\/wp-content\/uploads\/2023\/10\/Sessel-Q-02-1024x1024.png 1024w, https:\/\/ag-foto.de\/wp-content\/uploads\/2023\/10\/Sessel-Q-02-300x300.png 300w, https:\/\/ag-foto.de\/wp-content\/uploads\/2023\/10\/Sessel-Q-02-150x150.png 150w, https:\/\/ag-foto.de\/wp-content\/uploads\/2023\/10\/Sessel-Q-02-768x769.png 768w, https:\/\/ag-foto.de\/wp-content\/uploads\/2023\/10\/Sessel-Q-02-600x600.png 600w, https:\/\/ag-foto.de\/wp-content\/uploads\/2023\/10\/Sessel-Q-02.png 1067w\" sizes=\"(max-width: 1024px) 100vw, 1024px\" \/><\/a><\/figure>\n<\/figure>\n\n\n\n<h3 class=\"wp-block-heading\">Dein Shooting &#8211; Deine Geschichte<\/h3>\n\n\n\n<p>Damit wir genau das erreichen, f\u00fchren wir ein ausf\u00fchrliches Vorgespr\u00e4ch. So lernen wir uns kennen und erfahren, welche W\u00fcnsche, Ziele und Botschaften dir wichtig sind. Gemeinsam besprechen wir die M\u00f6glichkeiten der Portr\u00e4tfotografie und entwickeln ein Konzept, das zu dir passt.<br><\/p>\n\n\n\n<figure class=\"wp-block-gallery has-nested-images columns-default is-cropped wp-block-gallery-2 is-layout-flex wp-block-gallery-is-layout-flex\">\n<figure class=\"wp-block-image size-large\"><a href=\"https:\/\/ag-foto.de\/wp-content\/uploads\/2025\/05\/250411Noemi-1218-1.jpeg\"><img loading=\"lazy\" decoding=\"async\" width=\"819\" height=\"1024\" data-id=\"3449\" src=\"https:\/\/ag-foto.de\/wp-content\/uploads\/2025\/05\/250411Noemi-1218-1.jpeg\" alt=\"\" class=\"wp-image-3449\" srcset=\"https:\/\/ag-foto.de\/wp-content\/uploads\/2025\/05\/250411Noemi-1218-1.jpeg 819w, https:\/\/ag-foto.de\/wp-content\/uploads\/2025\/05\/250411Noemi-1218-1-240x300.jpeg 240w\" sizes=\"(max-width: 819px) 100vw, 819px\" \/><\/a><\/figure>\n\n\n\n<figure class=\"wp-block-image size-large\"><a href=\"https:\/\/ag-foto.de\/wp-content\/uploads\/2025\/05\/250411Noemi-1050.jpeg\"><img loading=\"lazy\" decoding=\"async\" width=\"819\" height=\"1024\" data-id=\"3435\" src=\"https:\/\/ag-foto.de\/wp-content\/uploads\/2025\/05\/250411Noemi-1050.jpeg\" alt=\"\" class=\"wp-image-3435\" srcset=\"https:\/\/ag-foto.de\/wp-content\/uploads\/2025\/05\/250411Noemi-1050.jpeg 819w, https:\/\/ag-foto.de\/wp-content\/uploads\/2025\/05\/250411Noemi-1050-240x300.jpeg 240w\" sizes=\"(max-width: 819px) 100vw, 819px\" \/><\/a><\/figure>\n\n\n\n<figure class=\"wp-block-image size-large\"><a href=\"https:\/\/ag-foto.de\/wp-content\/uploads\/2025\/05\/250411Noemi-1186-2.jpeg\"><img loading=\"lazy\" decoding=\"async\" width=\"1024\" height=\"1024\" data-id=\"3430\" src=\"https:\/\/ag-foto.de\/wp-content\/uploads\/2025\/05\/250411Noemi-1186-2.jpeg\" alt=\"\" class=\"wp-image-3430\" srcset=\"https:\/\/ag-foto.de\/wp-content\/uploads\/2025\/05\/250411Noemi-1186-2.jpeg 1024w, https:\/\/ag-foto.de\/wp-content\/uploads\/2025\/05\/250411Noemi-1186-2-300x300.jpeg 300w, https:\/\/ag-foto.de\/wp-content\/uploads\/2025\/05\/250411Noemi-1186-2-150x150.jpeg 150w\" sizes=\"(max-width: 1024px) 100vw, 1024px\" \/><\/a><\/figure>\n<\/figure>\n\n\n\n<h3 class=\"wp-block-heading\">Die Location<\/h3>\n\n\n\n<p>Die Umsetzung erfolgt nach deinen Vorstellungen \u2013 ob als Home-Shooting, Outdoor oder im Studio.<\/p>\n\n\n\n<figure class=\"wp-block-gallery has-nested-images columns-default is-cropped wp-block-gallery-3 is-layout-flex wp-block-gallery-is-layout-flex\">\n<figure class=\"wp-block-image size-large\"><a href=\"https:\/\/ag-foto.de\/wp-content\/uploads\/2022\/12\/2022-12-Larissa-Studio-Colour-06.png\"><img loading=\"lazy\" decoding=\"async\" width=\"1024\" height=\"1024\" data-id=\"815\" src=\"https:\/\/ag-foto.de\/wp-content\/uploads\/2022\/12\/2022-12-Larissa-Studio-Colour-06-1024x1024.png\" alt=\"\" class=\"wp-image-815\" srcset=\"https:\/\/ag-foto.de\/wp-content\/uploads\/2022\/12\/2022-12-Larissa-Studio-Colour-06-1024x1024.png 1024w, https:\/\/ag-foto.de\/wp-content\/uploads\/2022\/12\/2022-12-Larissa-Studio-Colour-06-300x300.png 300w, https:\/\/ag-foto.de\/wp-content\/uploads\/2022\/12\/2022-12-Larissa-Studio-Colour-06-150x150.png 150w, https:\/\/ag-foto.de\/wp-content\/uploads\/2022\/12\/2022-12-Larissa-Studio-Colour-06-768x769.png 768w, https:\/\/ag-foto.de\/wp-content\/uploads\/2022\/12\/2022-12-Larissa-Studio-Colour-06.png 1067w\" sizes=\"(max-width: 1024px) 100vw, 1024px\" \/><\/a><\/figure>\n\n\n\n<figure class=\"wp-block-image size-large\"><a href=\"https:\/\/ag-foto.de\/wp-content\/uploads\/2022\/12\/2022-12-Larissa-Studio-Colour-07.png\"><img loading=\"lazy\" decoding=\"async\" width=\"1024\" height=\"1024\" data-id=\"824\" src=\"https:\/\/ag-foto.de\/wp-content\/uploads\/2022\/12\/2022-12-Larissa-Studio-Colour-07-1024x1024.png\" alt=\"\" class=\"wp-image-824\" srcset=\"https:\/\/ag-foto.de\/wp-content\/uploads\/2022\/12\/2022-12-Larissa-Studio-Colour-07-1024x1024.png 1024w, https:\/\/ag-foto.de\/wp-content\/uploads\/2022\/12\/2022-12-Larissa-Studio-Colour-07-300x300.png 300w, https:\/\/ag-foto.de\/wp-content\/uploads\/2022\/12\/2022-12-Larissa-Studio-Colour-07-150x150.png 150w, https:\/\/ag-foto.de\/wp-content\/uploads\/2022\/12\/2022-12-Larissa-Studio-Colour-07-768x769.png 768w, https:\/\/ag-foto.de\/wp-content\/uploads\/2022\/12\/2022-12-Larissa-Studio-Colour-07.png 1067w\" sizes=\"(max-width: 1024px) 100vw, 1024px\" \/><\/a><\/figure>\n\n\n\n<figure class=\"wp-block-image size-large\"><a href=\"https:\/\/ag-foto.de\/wp-content\/uploads\/2022\/12\/2022-12-Larissa-Studio-Colour-08.png\"><img loading=\"lazy\" decoding=\"async\" width=\"1024\" height=\"1024\" data-id=\"823\" src=\"https:\/\/ag-foto.de\/wp-content\/uploads\/2022\/12\/2022-12-Larissa-Studio-Colour-08-1024x1024.png\" alt=\"\" class=\"wp-image-823\" srcset=\"https:\/\/ag-foto.de\/wp-content\/uploads\/2022\/12\/2022-12-Larissa-Studio-Colour-08-1024x1024.png 1024w, https:\/\/ag-foto.de\/wp-content\/uploads\/2022\/12\/2022-12-Larissa-Studio-Colour-08-300x300.png 300w, https:\/\/ag-foto.de\/wp-content\/uploads\/2022\/12\/2022-12-Larissa-Studio-Colour-08-150x150.png 150w, https:\/\/ag-foto.de\/wp-content\/uploads\/2022\/12\/2022-12-Larissa-Studio-Colour-08-768x769.png 768w, https:\/\/ag-foto.de\/wp-content\/uploads\/2022\/12\/2022-12-Larissa-Studio-Colour-08.png 1067w\" sizes=\"(max-width: 1024px) 100vw, 1024px\" \/><\/a><\/figure>\n<\/figure>\n\n\n\n<h3 class=\"wp-block-heading\">Ablauf und Vorbereitung<\/h3>\n\n\n\n<p>Damit dein Shooting perfekt wird, f\u00fchren wir ein ausf\u00fchrliches Vorgespr\u00e4ch. Wir lernen uns kennen, besprechen deine W\u00fcnsche und Ziele und entwickeln ein Konzept, das zu dir passt. Die Location kann als Home-Shooting, Outdoor oder im Fotostudio sein.<\/p>\n\n\n\n<figure class=\"wp-block-gallery has-nested-images columns-default is-cropped wp-block-gallery-4 is-layout-flex wp-block-gallery-is-layout-flex\">\n<figure class=\"wp-block-image size-large\"><a href=\"https:\/\/ag-foto.de\/wp-content\/uploads\/2025\/05\/IMG_7080.jpeg\"><img loading=\"lazy\" decoding=\"async\" width=\"1024\" height=\"1024\" data-id=\"3613\" src=\"https:\/\/ag-foto.de\/wp-content\/uploads\/2025\/05\/IMG_7080.jpeg\" alt=\"\" class=\"wp-image-3613\" srcset=\"https:\/\/ag-foto.de\/wp-content\/uploads\/2025\/05\/IMG_7080.jpeg 1024w, https:\/\/ag-foto.de\/wp-content\/uploads\/2025\/05\/IMG_7080-300x300.jpeg 300w, https:\/\/ag-foto.de\/wp-content\/uploads\/2025\/05\/IMG_7080-150x150.jpeg 150w\" sizes=\"(max-width: 1024px) 100vw, 1024px\" \/><\/a><\/figure>\n\n\n\n<figure class=\"wp-block-image size-large\"><a href=\"https:\/\/ag-foto.de\/wp-content\/uploads\/2025\/05\/IMG_7049.jpeg\"><img loading=\"lazy\" decoding=\"async\" width=\"819\" height=\"1024\" data-id=\"3604\" src=\"https:\/\/ag-foto.de\/wp-content\/uploads\/2025\/05\/IMG_7049.jpeg\" alt=\"\" class=\"wp-image-3604\" srcset=\"https:\/\/ag-foto.de\/wp-content\/uploads\/2025\/05\/IMG_7049.jpeg 819w, https:\/\/ag-foto.de\/wp-content\/uploads\/2025\/05\/IMG_7049-240x300.jpeg 240w\" sizes=\"(max-width: 819px) 100vw, 819px\" \/><\/a><\/figure>\n\n\n\n<figure class=\"wp-block-image size-large\"><a href=\"https:\/\/ag-foto.de\/wp-content\/uploads\/2025\/05\/20250411_Gerd-1092-scaled.jpeg\"><img loading=\"lazy\" decoding=\"async\" width=\"1024\" height=\"683\" data-id=\"3589\" src=\"https:\/\/ag-foto.de\/wp-content\/uploads\/2025\/05\/20250411_Gerd-1092-1024x683.jpeg\" alt=\"\" class=\"wp-image-3589\" srcset=\"https:\/\/ag-foto.de\/wp-content\/uploads\/2025\/05\/20250411_Gerd-1092-1024x683.jpeg 1024w, https:\/\/ag-foto.de\/wp-content\/uploads\/2025\/05\/20250411_Gerd-1092-300x200.jpeg 300w, https:\/\/ag-foto.de\/wp-content\/uploads\/2025\/05\/20250411_Gerd-1092-2000x1333.jpeg 2000w\" sizes=\"(max-width: 1024px) 100vw, 1024px\" \/><\/a><\/figure>\n<\/figure>\n\n\n\n<h3 class=\"wp-block-heading\"><strong>Tipps f\u00fcr dein Portr\u00e4tshooting<\/strong><\/h3>\n\n\n\n<p>Bringe Accessoires mit, die deine Pers\u00f6nlichkeit unterstreichen.<br>W\u00e4hle Kleidung, in der du dich wohlf\u00fchlst. <br>Dezentes Make-up f\u00fcr nat\u00fcrliche Wirkung.<\/p>\n\n\n\n<figure class=\"wp-block-gallery has-nested-images columns-default is-cropped wp-block-gallery-5 is-layout-flex wp-block-gallery-is-layout-flex\">\n<figure class=\"wp-block-image size-large\"><a href=\"https:\/\/ag-foto.de\/wp-content\/uploads\/2025\/12\/cropped-IMG_1237.jpg\"><img loading=\"lazy\" decoding=\"async\" width=\"1024\" height=\"614\" data-id=\"4080\" src=\"https:\/\/ag-foto.de\/wp-content\/uploads\/2025\/12\/cropped-IMG_1237-1024x614.jpg\" alt=\"\" class=\"wp-image-4080\" srcset=\"https:\/\/ag-foto.de\/wp-content\/uploads\/2025\/12\/cropped-IMG_1237-1024x614.jpg 1024w, https:\/\/ag-foto.de\/wp-content\/uploads\/2025\/12\/cropped-IMG_1237-300x180.jpg 300w, https:\/\/ag-foto.de\/wp-content\/uploads\/2025\/12\/cropped-IMG_1237.jpg 2000w\" sizes=\"(max-width: 1024px) 100vw, 1024px\" \/><\/a><\/figure>\n\n\n\n<figure class=\"wp-block-image size-large\"><a href=\"https:\/\/ag-foto.de\/wp-content\/uploads\/2025\/12\/cropped-IMG_1170.jpeg\"><img loading=\"lazy\" decoding=\"async\" width=\"1024\" height=\"614\" data-id=\"4081\" src=\"https:\/\/ag-foto.de\/wp-content\/uploads\/2025\/12\/cropped-IMG_1170-1024x614.jpeg\" alt=\"\" class=\"wp-image-4081\" srcset=\"https:\/\/ag-foto.de\/wp-content\/uploads\/2025\/12\/cropped-IMG_1170-1024x614.jpeg 1024w, https:\/\/ag-foto.de\/wp-content\/uploads\/2025\/12\/cropped-IMG_1170-300x180.jpeg 300w, https:\/\/ag-foto.de\/wp-content\/uploads\/2025\/12\/cropped-IMG_1170.jpeg 2000w\" sizes=\"(max-width: 1024px) 100vw, 1024px\" \/><\/a><\/figure>\n\n\n\n<figure class=\"wp-block-image size-large\"><a href=\"https:\/\/ag-foto.de\/wp-content\/uploads\/2025\/12\/IMG_1049.jpeg\"><img loading=\"lazy\" decoding=\"async\" width=\"1024\" height=\"819\" data-id=\"4045\" src=\"https:\/\/ag-foto.de\/wp-content\/uploads\/2025\/12\/IMG_1049.jpeg\" alt=\"\" class=\"wp-image-4045\" srcset=\"https:\/\/ag-foto.de\/wp-content\/uploads\/2025\/12\/IMG_1049.jpeg 1024w, https:\/\/ag-foto.de\/wp-content\/uploads\/2025\/12\/IMG_1049-300x240.jpeg 300w\" sizes=\"(max-width: 1024px) 100vw, 1024px\" \/><\/a><\/figure>\n<\/figure>\n\n\n\n<h3 class=\"wp-block-heading\"><strong>Jetzt Termin sichern<\/strong><\/h3>\n\n\n\n<p><strong>Buche dein Portr\u00e4tshooting<\/strong> und halte deine Pers\u00f6nlichkeit in einzigartigen Bildern fest<\/p>\n\n\n\n<div class=\"wp-block-buttons is-content-justification-center is-layout-flex wp-container-core-buttons-is-layout-a89b3969 wp-block-buttons-is-layout-flex\">\n<div class=\"wp-block-button\"><a class=\"wp-block-button__link has-black-color has-vivid-cyan-blue-background-color has-text-color has-background wp-element-button\" href=\"https:\/\/ag-foto.de\/?page_id=1297\">Hier kommst Du zu unseren Leistungen und Preise<\/a><\/div>\n<\/div>\n\n\n\n<p><\/p>\n","protected":false},"excerpt":{"rendered":"<p>Mehr als nur ein Gesicht Wir halten in der Portr\u00e4tfotografie nicht einfach nur K\u00f6pfe fest \u2013 wir zeigen den Menschen in seiner ganzen Pers\u00f6nlichkeit. Unser Ziel ist es, Charakter und Ausstrahlung authentisch einzufangen und dem Betrachter n\u00e4herzubringen. Dabei entsteht ein Zusammenspiel aus Pers\u00f6nlichkeit, nat\u00fcrlicher Ausstrahlung und Umgebung. Dein Shooting &#8211; Deine Geschichte Damit wir genau &hellip; <\/p>\n<p class=\"link-more\"><a href=\"https:\/\/ag-foto.de\/?page_id=643\" class=\"more-link\">Mehr <span class=\"screen-reader-text\">\u00fcber &#8222;Portrait-Shooting&#8220; <\/span>Lesen<\/a><\/p>\n","protected":false},"author":1,"featured_media":4080,"parent":416,"menu_order":80,"comment_status":"closed","ping_status":"closed","template":"","meta":{"_glsr_average":0,"_glsr_ranking":0,"_glsr_reviews":0,"two_page_speed":[],"footnotes":""},"class_list":["post-643","page","type-page","status-publish","has-post-thumbnail","hentry"],"yoast_head":"<!-- This site is optimized with the Yoast SEO plugin v27.5 - https:\/\/yoast.com\/product\/yoast-seo-wordpress\/ -->\n<title>Portrait-Shooting - FOTOGRAPHIE OF MOMENTS<\/title>\n<meta name=\"robots\" content=\"index, follow, max-snippet:-1, max-image-preview:large, max-video-preview:-1\" \/>\n<link rel=\"canonical\" href=\"https:\/\/ag-foto.de\/?page_id=643\" \/>\n<meta property=\"og:locale\" content=\"de_DE\" \/>\n<meta property=\"og:type\" content=\"article\" \/>\n<meta property=\"og:title\" content=\"Portrait-Shooting - FOTOGRAPHIE OF MOMENTS\" \/>\n<meta property=\"og:description\" content=\"Mehr als nur ein Gesicht Wir halten in der Portr\u00e4tfotografie nicht einfach nur K\u00f6pfe fest \u2013 wir zeigen den Menschen in seiner ganzen Pers\u00f6nlichkeit. Unser Ziel ist es, Charakter und Ausstrahlung authentisch einzufangen und dem Betrachter n\u00e4herzubringen. Dabei entsteht ein Zusammenspiel aus Pers\u00f6nlichkeit, nat\u00fcrlicher Ausstrahlung und Umgebung. Dein Shooting &#8211; Deine Geschichte Damit wir genau &hellip; Mehr \u00fcber &quot;Portrait-Shooting&quot; Lesen\" \/>\n<meta property=\"og:url\" content=\"https:\/\/ag-foto.de\/?page_id=643\" \/>\n<meta property=\"og:site_name\" content=\"FOTOGRAPHIE OF MOMENTS\" \/>\n<meta property=\"article:publisher\" content=\"https:\/\/www.facebook.com\/uwfoto\" \/>\n<meta property=\"article:modified_time\" content=\"2026-01-02T23:14:41+00:00\" \/>\n<meta property=\"og:image\" content=\"https:\/\/ag-foto.de\/wp-content\/uploads\/2025\/12\/cropped-IMG_1237.jpg\" \/>\n\t<meta property=\"og:image:width\" content=\"2000\" \/>\n\t<meta property=\"og:image:height\" content=\"1199\" \/>\n\t<meta property=\"og:image:type\" content=\"image\/jpeg\" \/>\n<meta name=\"twitter:card\" content=\"summary_large_image\" \/>\n<meta name=\"twitter:site\" content=\"@INFO_GERBER\" \/>\n<meta name=\"twitter:label1\" content=\"Gesch\u00e4tzte Lesezeit\" \/>\n\t<meta name=\"twitter:data1\" content=\"4\u00a0Minuten\" \/>\n<script type=\"application\/ld+json\" class=\"yoast-schema-graph\">{\"@context\":\"https:\\\/\\\/schema.org\",\"@graph\":[{\"@type\":\"WebPage\",\"@id\":\"https:\\\/\\\/ag-foto.de\\\/?page_id=643\",\"url\":\"https:\\\/\\\/ag-foto.de\\\/?page_id=643\",\"name\":\"Portrait-Shooting - FOTOGRAPHIE OF MOMENTS\",\"isPartOf\":{\"@id\":\"https:\\\/\\\/ag-foto.de\\\/#website\"},\"primaryImageOfPage\":{\"@id\":\"https:\\\/\\\/ag-foto.de\\\/?page_id=643#primaryimage\"},\"image\":{\"@id\":\"https:\\\/\\\/ag-foto.de\\\/?page_id=643#primaryimage\"},\"thumbnailUrl\":\"https:\\\/\\\/ag-foto.de\\\/wp-content\\\/uploads\\\/2025\\\/12\\\/cropped-IMG_1237.jpg\",\"datePublished\":\"2021-07-25T20:48:02+00:00\",\"dateModified\":\"2026-01-02T23:14:41+00:00\",\"breadcrumb\":{\"@id\":\"https:\\\/\\\/ag-foto.de\\\/?page_id=643#breadcrumb\"},\"inLanguage\":\"de\",\"potentialAction\":[{\"@type\":\"ReadAction\",\"target\":[\"https:\\\/\\\/ag-foto.de\\\/?page_id=643\"]}]},{\"@type\":\"ImageObject\",\"inLanguage\":\"de\",\"@id\":\"https:\\\/\\\/ag-foto.de\\\/?page_id=643#primaryimage\",\"url\":\"https:\\\/\\\/ag-foto.de\\\/wp-content\\\/uploads\\\/2025\\\/12\\\/cropped-IMG_1237.jpg\",\"contentUrl\":\"https:\\\/\\\/ag-foto.de\\\/wp-content\\\/uploads\\\/2025\\\/12\\\/cropped-IMG_1237.jpg\",\"width\":2000,\"height\":1199},{\"@type\":\"BreadcrumbList\",\"@id\":\"https:\\\/\\\/ag-foto.de\\\/?page_id=643#breadcrumb\",\"itemListElement\":[{\"@type\":\"ListItem\",\"position\":1,\"name\":\"Startseite\",\"item\":\"https:\\\/\\\/ag-foto.de\\\/\"},{\"@type\":\"ListItem\",\"position\":2,\"name\":\"Shooting-Erlebnisse\",\"item\":\"https:\\\/\\\/ag-foto.de\\\/?page_id=416\"},{\"@type\":\"ListItem\",\"position\":3,\"name\":\"Portrait-Shooting\"}]},{\"@type\":\"WebSite\",\"@id\":\"https:\\\/\\\/ag-foto.de\\\/#website\",\"url\":\"https:\\\/\\\/ag-foto.de\\\/\",\"name\":\"FOTOGRAPHIE OF MOMENTS\",\"description\":\"Studio | Portrait | In- Outdoor | Homestory | Unterwasserfotografie\",\"potentialAction\":[{\"@type\":\"SearchAction\",\"target\":{\"@type\":\"EntryPoint\",\"urlTemplate\":\"https:\\\/\\\/ag-foto.de\\\/?s={search_term_string}\"},\"query-input\":{\"@type\":\"PropertyValueSpecification\",\"valueRequired\":true,\"valueName\":\"search_term_string\"}}],\"inLanguage\":\"de\"}]}<\/script>\n<!-- \/ Yoast SEO plugin. -->","yoast_head_json":{"title":"Portrait-Shooting - FOTOGRAPHIE OF MOMENTS","robots":{"index":"index","follow":"follow","max-snippet":"max-snippet:-1","max-image-preview":"max-image-preview:large","max-video-preview":"max-video-preview:-1"},"canonical":"https:\/\/ag-foto.de\/?page_id=643","og_locale":"de_DE","og_type":"article","og_title":"Portrait-Shooting - FOTOGRAPHIE OF MOMENTS","og_description":"Mehr als nur ein Gesicht Wir halten in der Portr\u00e4tfotografie nicht einfach nur K\u00f6pfe fest \u2013 wir zeigen den Menschen in seiner ganzen Pers\u00f6nlichkeit. Unser Ziel ist es, Charakter und Ausstrahlung authentisch einzufangen und dem Betrachter n\u00e4herzubringen. Dabei entsteht ein Zusammenspiel aus Pers\u00f6nlichkeit, nat\u00fcrlicher Ausstrahlung und Umgebung. Dein Shooting &#8211; Deine Geschichte Damit wir genau &hellip; Mehr \u00fcber \"Portrait-Shooting\" Lesen","og_url":"https:\/\/ag-foto.de\/?page_id=643","og_site_name":"FOTOGRAPHIE OF MOMENTS","article_publisher":"https:\/\/www.facebook.com\/uwfoto","article_modified_time":"2026-01-02T23:14:41+00:00","og_image":[{"width":2000,"height":1199,"url":"https:\/\/ag-foto.de\/wp-content\/uploads\/2025\/12\/cropped-IMG_1237.jpg","type":"image\/jpeg"}],"twitter_card":"summary_large_image","twitter_site":"@INFO_GERBER","twitter_misc":{"Gesch\u00e4tzte Lesezeit":"4\u00a0Minuten"},"schema":{"@context":"https:\/\/schema.org","@graph":[{"@type":"WebPage","@id":"https:\/\/ag-foto.de\/?page_id=643","url":"https:\/\/ag-foto.de\/?page_id=643","name":"Portrait-Shooting - FOTOGRAPHIE OF MOMENTS","isPartOf":{"@id":"https:\/\/ag-foto.de\/#website"},"primaryImageOfPage":{"@id":"https:\/\/ag-foto.de\/?page_id=643#primaryimage"},"image":{"@id":"https:\/\/ag-foto.de\/?page_id=643#primaryimage"},"thumbnailUrl":"https:\/\/ag-foto.de\/wp-content\/uploads\/2025\/12\/cropped-IMG_1237.jpg","datePublished":"2021-07-25T20:48:02+00:00","dateModified":"2026-01-02T23:14:41+00:00","breadcrumb":{"@id":"https:\/\/ag-foto.de\/?page_id=643#breadcrumb"},"inLanguage":"de","potentialAction":[{"@type":"ReadAction","target":["https:\/\/ag-foto.de\/?page_id=643"]}]},{"@type":"ImageObject","inLanguage":"de","@id":"https:\/\/ag-foto.de\/?page_id=643#primaryimage","url":"https:\/\/ag-foto.de\/wp-content\/uploads\/2025\/12\/cropped-IMG_1237.jpg","contentUrl":"https:\/\/ag-foto.de\/wp-content\/uploads\/2025\/12\/cropped-IMG_1237.jpg","width":2000,"height":1199},{"@type":"BreadcrumbList","@id":"https:\/\/ag-foto.de\/?page_id=643#breadcrumb","itemListElement":[{"@type":"ListItem","position":1,"name":"Startseite","item":"https:\/\/ag-foto.de\/"},{"@type":"ListItem","position":2,"name":"Shooting-Erlebnisse","item":"https:\/\/ag-foto.de\/?page_id=416"},{"@type":"ListItem","position":3,"name":"Portrait-Shooting"}]},{"@type":"WebSite","@id":"https:\/\/ag-foto.de\/#website","url":"https:\/\/ag-foto.de\/","name":"FOTOGRAPHIE OF MOMENTS","description":"Studio | Portrait | In- Outdoor | Homestory | Unterwasserfotografie","potentialAction":[{"@type":"SearchAction","target":{"@type":"EntryPoint","urlTemplate":"https:\/\/ag-foto.de\/?s={search_term_string}"},"query-input":{"@type":"PropertyValueSpecification","valueRequired":true,"valueName":"search_term_string"}}],"inLanguage":"de"}]}},"_links":{"self":[{"href":"https:\/\/ag-foto.de\/index.php?rest_route=\/wp\/v2\/pages\/643","targetHints":{"allow":["GET"]}}],"collection":[{"href":"https:\/\/ag-foto.de\/index.php?rest_route=\/wp\/v2\/pages"}],"about":[{"href":"https:\/\/ag-foto.de\/index.php?rest_route=\/wp\/v2\/types\/page"}],"author":[{"embeddable":true,"href":"https:\/\/ag-foto.de\/index.php?rest_route=\/wp\/v2\/users\/1"}],"replies":[{"embeddable":true,"href":"https:\/\/ag-foto.de\/index.php?rest_route=%2Fwp%2Fv2%2Fcomments&post=643"}],"version-history":[{"count":3,"href":"https:\/\/ag-foto.de\/index.php?rest_route=\/wp\/v2\/pages\/643\/revisions"}],"predecessor-version":[{"id":4151,"href":"https:\/\/ag-foto.de\/index.php?rest_route=\/wp\/v2\/pages\/643\/revisions\/4151"}],"up":[{"embeddable":true,"href":"https:\/\/ag-foto.de\/index.php?rest_route=\/wp\/v2\/pages\/416"}],"wp:featuredmedia":[{"embeddable":true,"href":"https:\/\/ag-foto.de\/index.php?rest_route=\/wp\/v2\/media\/4080"}],"wp:attachment":[{"href":"https:\/\/ag-foto.de\/index.php?rest_route=%2Fwp%2Fv2%2Fmedia&parent=643"}],"curies":[{"name":"wp","href":"https:\/\/api.w.org\/{rel}","templated":true}]}}