{"id":4177,"date":"2026-01-04T21:24:28","date_gmt":"2026-01-04T20:24:28","guid":{"rendered":"https:\/\/ag-foto.de\/?page_id=4177"},"modified":"2026-03-16T19:53:19","modified_gmt":"2026-03-16T18:53:19","slug":"unsere-projekte","status":"publish","type":"page","link":"https:\/\/ag-foto.de\/?page_id=4177","title":{"rendered":"Client Portal"},"content":{"rendered":"\n<p>Hier sind unsere aktuelle Projekte. Um die besten Ergebnisse zu erzielen ist volle Transparenz und eine enge Zusammenarbeit notwendig. Dieser Ort ist unser gemeinsamer digitaler Workspace \u2013 hier flie\u00dfen Inspiration, Planung und Umsetzung zusammen.<\/p>\n\n\n\n<p><strong>Was dich hier erwartet:<\/strong><\/p>\n\n\n\n<ul class=\"wp-block-list\">\n<li><strong>Vision &amp; Moodboards:<\/strong> Hier definieren wir den visuellen Rahmen und halten die Atmosph\u00e4re deines Projekts fest.<\/li>\n\n\n\n<li><strong>Struktur &amp; Planung:<\/strong> Behalte den \u00dcberblick \u00fcber Meilensteine, Termine und den aktuellen Fortschritt.<\/li>\n\n\n\n<li><strong>Setup &amp; Ressourcen:<\/strong> Alle wichtigen Dokumente, Logins und Briefings sind hier zentral f\u00fcr dich hinterlegt.<\/li>\n<\/ul>\n\n\n\n<hr class=\"wp-block-separator has-alpha-channel-opacity\"\/>\n\n\n\n<h3 class=\"wp-block-heading\">Sektion: &#8222;So arbeiten wir zusammen&#8220;<\/h3>\n\n\n\n<blockquote class=\"wp-block-quote is-layout-flow wp-block-quote-is-layout-flow\">\n<p><strong>\u201eEin Projekt ist erst dann erfolgreich, wenn der Prozess dorthin genauso viel Freude macht wie das Ergebnis.\u201c<\/strong><\/p>\n<\/blockquote>\n\n\n\n<p>Damit wir effizient ans Ziel kommen, findest du unten die aktuellen To-Dos. Wir aktualisieren diesen Bereich regelm\u00e4\u00dfig, sodass du immer genau wei\u00dft, wo wir gerade stehen und was als N\u00e4chstes passiert.<\/p>\n\n\n\n<p><strong>Hast du Feedback?<\/strong> Nutze gerne die Kommentarfunktion direkt bei deinem Projekten<\/p>\n\n\n\n<h3 class=\"wp-block-heading\">Projekt: <\/h3>\n\n\n\n<p><a href=\"https:\/\/ag-foto.de\/?page_id=4278\">2025 03 30 Liquid Shapes<\/a><\/p>\n\n\n\n<p>2025 11 01 Babybauch<\/p>\n\n\n\n<p><a href=\"https:\/\/ag-foto.de\/?page_id=4172\">2026 03 Shadow &amp; Dark Illusions<\/a><\/p>\n\n\n\n<p><a href=\"https:\/\/ag-foto.de\/?page_id=4258\">2026 01 06 Body Part<\/a><\/p>\n\n\n\n<p>Wedding 2026 05 09 <\/p>\n\n\n\n<p>2<a href=\"https:\/\/ag-foto.de\/?page_id=4388\">026 02 Kosmetik Studio Fotografie<\/a><\/p>\n\n\n\n<p>Unterwasserfotografie 2026 02 29<\/p>\n\n\n\n<p><a href=\"https:\/\/ag-foto.de\/?page_id=4588\">2025 03 27 Dance<\/a><\/p>\n\n\n\n<p><a href=\"https:\/\/ag-foto.de\/?page_id=4254\">2026 04 01 Newborn<\/a><\/p>\n\n\n\n<p><\/p>\n","protected":false},"excerpt":{"rendered":"<p>Hier sind unsere aktuelle Projekte. Um die besten Ergebnisse zu erzielen ist volle Transparenz und eine enge Zusammenarbeit notwendig. Dieser Ort ist unser gemeinsamer digitaler Workspace \u2013 hier flie\u00dfen Inspiration, Planung und Umsetzung zusammen. Was dich hier erwartet: Sektion: &#8222;So arbeiten wir zusammen&#8220; \u201eEin Projekt ist erst dann erfolgreich, wenn der Prozess dorthin genauso viel &hellip; <\/p>\n<p class=\"link-more\"><a href=\"https:\/\/ag-foto.de\/?page_id=4177\" class=\"more-link\">Mehr <span class=\"screen-reader-text\">\u00fcber &#8222;Client Portal&#8220; <\/span>Lesen<\/a><\/p>\n","protected":false},"author":1,"featured_media":0,"parent":0,"menu_order":0,"comment_status":"closed","ping_status":"closed","template":"","meta":{"_glsr_average":0,"_glsr_ranking":0,"_glsr_reviews":0,"two_page_speed":[],"footnotes":""},"class_list":["post-4177","page","type-page","status-publish","hentry"],"yoast_head":"<!-- This site is optimized with the Yoast SEO plugin v27.2 - https:\/\/yoast.com\/product\/yoast-seo-wordpress\/ -->\n<title>Client Portal - FOTOGRAPHIE OF MOMENTS<\/title>\n<meta name=\"robots\" content=\"index, follow, max-snippet:-1, max-image-preview:large, max-video-preview:-1\" \/>\n<link rel=\"canonical\" href=\"https:\/\/ag-foto.de\/?page_id=4177\" \/>\n<meta property=\"og:locale\" content=\"de_DE\" \/>\n<meta property=\"og:type\" content=\"article\" \/>\n<meta property=\"og:title\" content=\"Client Portal - FOTOGRAPHIE OF MOMENTS\" \/>\n<meta property=\"og:description\" content=\"Hier sind unsere aktuelle Projekte. Um die besten Ergebnisse zu erzielen ist volle Transparenz und eine enge Zusammenarbeit notwendig. Dieser Ort ist unser gemeinsamer digitaler Workspace \u2013 hier flie\u00dfen Inspiration, Planung und Umsetzung zusammen. Was dich hier erwartet: Sektion: &#8222;So arbeiten wir zusammen&#8220; \u201eEin Projekt ist erst dann erfolgreich, wenn der Prozess dorthin genauso viel &hellip; Mehr \u00fcber &quot;Client Portal&quot; Lesen\" \/>\n<meta property=\"og:url\" content=\"https:\/\/ag-foto.de\/?page_id=4177\" \/>\n<meta property=\"og:site_name\" content=\"FOTOGRAPHIE OF MOMENTS\" \/>\n<meta property=\"article:publisher\" content=\"https:\/\/www.facebook.com\/uwfoto\" \/>\n<meta property=\"article:modified_time\" content=\"2026-03-16T18:53:19+00:00\" \/>\n<meta name=\"twitter:card\" content=\"summary_large_image\" \/>\n<meta name=\"twitter:site\" content=\"@INFO_GERBER\" \/>\n<meta name=\"twitter:label1\" content=\"Gesch\u00e4tzte Lesezeit\" \/>\n\t<meta name=\"twitter:data1\" content=\"1\u00a0Minute\" \/>\n<script type=\"application\/ld+json\" class=\"yoast-schema-graph\">{\"@context\":\"https:\/\/schema.org\",\"@graph\":[{\"@type\":\"WebPage\",\"@id\":\"https:\/\/ag-foto.de\/?page_id=4177\",\"url\":\"https:\/\/ag-foto.de\/?page_id=4177\",\"name\":\"Client Portal - FOTOGRAPHIE OF MOMENTS\",\"isPartOf\":{\"@id\":\"https:\/\/ag-foto.de\/#website\"},\"datePublished\":\"2026-01-04T20:24:28+00:00\",\"dateModified\":\"2026-03-16T18:53:19+00:00\",\"breadcrumb\":{\"@id\":\"https:\/\/ag-foto.de\/?page_id=4177#breadcrumb\"},\"inLanguage\":\"de\",\"potentialAction\":[{\"@type\":\"ReadAction\",\"target\":[\"https:\/\/ag-foto.de\/?page_id=4177\"]}]},{\"@type\":\"BreadcrumbList\",\"@id\":\"https:\/\/ag-foto.de\/?page_id=4177#breadcrumb\",\"itemListElement\":[{\"@type\":\"ListItem\",\"position\":1,\"name\":\"Startseite\",\"item\":\"https:\/\/ag-foto.de\/\"},{\"@type\":\"ListItem\",\"position\":2,\"name\":\"Client Portal\"}]},{\"@type\":\"WebSite\",\"@id\":\"https:\/\/ag-foto.de\/#website\",\"url\":\"https:\/\/ag-foto.de\/\",\"name\":\"FOTOGRAPHIE OF MOMENTS\",\"description\":\"Studio | Portrait | In- Outdoor | Homestory | Unterwasserfotografie\",\"potentialAction\":[{\"@type\":\"SearchAction\",\"target\":{\"@type\":\"EntryPoint\",\"urlTemplate\":\"https:\/\/ag-foto.de\/?s={search_term_string}\"},\"query-input\":{\"@type\":\"PropertyValueSpecification\",\"valueRequired\":true,\"valueName\":\"search_term_string\"}}],\"inLanguage\":\"de\"}]}<\/script>\n<!-- \/ Yoast SEO plugin. -->","yoast_head_json":{"title":"Client Portal - FOTOGRAPHIE OF MOMENTS","robots":{"index":"index","follow":"follow","max-snippet":"max-snippet:-1","max-image-preview":"max-image-preview:large","max-video-preview":"max-video-preview:-1"},"canonical":"https:\/\/ag-foto.de\/?page_id=4177","og_locale":"de_DE","og_type":"article","og_title":"Client Portal - FOTOGRAPHIE OF MOMENTS","og_description":"Hier sind unsere aktuelle Projekte. Um die besten Ergebnisse zu erzielen ist volle Transparenz und eine enge Zusammenarbeit notwendig. Dieser Ort ist unser gemeinsamer digitaler Workspace \u2013 hier flie\u00dfen Inspiration, Planung und Umsetzung zusammen. Was dich hier erwartet: Sektion: &#8222;So arbeiten wir zusammen&#8220; \u201eEin Projekt ist erst dann erfolgreich, wenn der Prozess dorthin genauso viel &hellip; Mehr \u00fcber \"Client Portal\" Lesen","og_url":"https:\/\/ag-foto.de\/?page_id=4177","og_site_name":"FOTOGRAPHIE OF MOMENTS","article_publisher":"https:\/\/www.facebook.com\/uwfoto","article_modified_time":"2026-03-16T18:53:19+00:00","twitter_card":"summary_large_image","twitter_site":"@INFO_GERBER","twitter_misc":{"Gesch\u00e4tzte Lesezeit":"1\u00a0Minute"},"schema":{"@context":"https:\/\/schema.org","@graph":[{"@type":"WebPage","@id":"https:\/\/ag-foto.de\/?page_id=4177","url":"https:\/\/ag-foto.de\/?page_id=4177","name":"Client Portal - FOTOGRAPHIE OF MOMENTS","isPartOf":{"@id":"https:\/\/ag-foto.de\/#website"},"datePublished":"2026-01-04T20:24:28+00:00","dateModified":"2026-03-16T18:53:19+00:00","breadcrumb":{"@id":"https:\/\/ag-foto.de\/?page_id=4177#breadcrumb"},"inLanguage":"de","potentialAction":[{"@type":"ReadAction","target":["https:\/\/ag-foto.de\/?page_id=4177"]}]},{"@type":"BreadcrumbList","@id":"https:\/\/ag-foto.de\/?page_id=4177#breadcrumb","itemListElement":[{"@type":"ListItem","position":1,"name":"Startseite","item":"https:\/\/ag-foto.de\/"},{"@type":"ListItem","position":2,"name":"Client Portal"}]},{"@type":"WebSite","@id":"https:\/\/ag-foto.de\/#website","url":"https:\/\/ag-foto.de\/","name":"FOTOGRAPHIE OF MOMENTS","description":"Studio | Portrait | In- Outdoor | Homestory | Unterwasserfotografie","potentialAction":[{"@type":"SearchAction","target":{"@type":"EntryPoint","urlTemplate":"https:\/\/ag-foto.de\/?s={search_term_string}"},"query-input":{"@type":"PropertyValueSpecification","valueRequired":true,"valueName":"search_term_string"}}],"inLanguage":"de"}]}},"_links":{"self":[{"href":"https:\/\/ag-foto.de\/index.php?rest_route=\/wp\/v2\/pages\/4177","targetHints":{"allow":["GET"]}}],"collection":[{"href":"https:\/\/ag-foto.de\/index.php?rest_route=\/wp\/v2\/pages"}],"about":[{"href":"https:\/\/ag-foto.de\/index.php?rest_route=\/wp\/v2\/types\/page"}],"author":[{"embeddable":true,"href":"https:\/\/ag-foto.de\/index.php?rest_route=\/wp\/v2\/users\/1"}],"replies":[{"embeddable":true,"href":"https:\/\/ag-foto.de\/index.php?rest_route=%2Fwp%2Fv2%2Fcomments&post=4177"}],"version-history":[{"count":19,"href":"https:\/\/ag-foto.de\/index.php?rest_route=\/wp\/v2\/pages\/4177\/revisions"}],"predecessor-version":[{"id":4596,"href":"https:\/\/ag-foto.de\/index.php?rest_route=\/wp\/v2\/pages\/4177\/revisions\/4596"}],"wp:attachment":[{"href":"https:\/\/ag-foto.de\/index.php?rest_route=%2Fwp%2Fv2%2Fmedia&parent=4177"}],"curies":[{"name":"wp","href":"https:\/\/api.w.org\/{rel}","templated":true}]}}