{"id":339,"date":"2019-06-19T19:53:31","date_gmt":"2019-06-19T19:53:31","guid":{"rendered":"http:\/\/ag-foto.de\/?page_id=339"},"modified":"2026-01-03T00:31:32","modified_gmt":"2026-01-02T23:31:32","slug":"high-key-shooting","status":"publish","type":"page","link":"https:\/\/ag-foto.de\/?page_id=339","title":{"rendered":"High Key Shooting"},"content":{"rendered":"\n<h3 class=\"wp-block-heading\">Die pure \u00c4sthetik und Reinheit in der Fotografie<\/h3>\n\n\n\n<p>Die High-Key-Fotografie fasziniert durch ihre besondere Wirkung. Charakteristisch f\u00fcr diesen Bildstil sind ein hoher Wei\u00dfanteil sowie helle Farb- und Graut\u00f6ne. Dadurch entstehen Aufnahmen, die edel wirken und f\u00fcr pure \u00c4sthetik und Reinheit stehen. Professionelle High-Key-Fotos sind keine \u00fcberbelichteten Bilder \u2013 sie sind das kunstvoll inszenierte Ergebnis perfekter Lichtf\u00fchrung.<\/p>\n\n\n\n<figure class=\"wp-block-image size-large\"><a href=\"https:\/\/ag-foto.de\/wp-content\/uploads\/2023\/09\/Tatjana-2023-08-Q-13.jpg\"><img fetchpriority=\"high\" decoding=\"async\" width=\"1024\" height=\"1024\" src=\"https:\/\/ag-foto.de\/wp-content\/uploads\/2023\/09\/Tatjana-2023-08-Q-13-1024x1024.jpg\" alt=\"\" class=\"wp-image-1491\" srcset=\"https:\/\/ag-foto.de\/wp-content\/uploads\/2023\/09\/Tatjana-2023-08-Q-13-1024x1024.jpg 1024w, https:\/\/ag-foto.de\/wp-content\/uploads\/2023\/09\/Tatjana-2023-08-Q-13-300x300.jpg 300w, https:\/\/ag-foto.de\/wp-content\/uploads\/2023\/09\/Tatjana-2023-08-Q-13-150x150.jpg 150w, https:\/\/ag-foto.de\/wp-content\/uploads\/2023\/09\/Tatjana-2023-08-Q-13-768x769.jpg 768w, https:\/\/ag-foto.de\/wp-content\/uploads\/2023\/09\/Tatjana-2023-08-Q-13-600x600.jpg 600w, https:\/\/ag-foto.de\/wp-content\/uploads\/2023\/09\/Tatjana-2023-08-Q-13.jpg 1067w\" sizes=\"(max-width: 1024px) 100vw, 1024px\" \/><\/a><\/figure>\n\n\n\n<h3 class=\"wp-block-heading\">Fotoideen<\/h3>\n\n\n\n<p>Die M\u00f6glichkeiten f\u00fcr kreative Portr\u00e4ts sind nahezu grenzenlos. In meinem Portfolio findest du bereits einige inspirierende Ideen. Nat\u00fcrlich kannst du auch eigene Vorstellungen mitbringen \u2013 gemeinsam besprechen wir die Umsetzung und machen daraus etwas Besonderes.\u201c<\/p>\n\n\n\n<hr class=\"wp-block-separator has-alpha-channel-opacity\"\/>\n\n\n\n<figure class=\"wp-block-gallery has-nested-images columns-default is-cropped wp-block-gallery-1 is-layout-flex wp-block-gallery-is-layout-flex\">\n<figure class=\"wp-block-image size-large\"><a href=\"https:\/\/ag-foto.de\/wp-content\/uploads\/2023\/09\/Tatjana-2023-08-Q-12.jpg\"><img decoding=\"async\" width=\"1024\" height=\"1024\" data-id=\"1486\" src=\"https:\/\/ag-foto.de\/wp-content\/uploads\/2023\/09\/Tatjana-2023-08-Q-12-1024x1024.jpg\" alt=\"\" class=\"wp-image-1486\" srcset=\"https:\/\/ag-foto.de\/wp-content\/uploads\/2023\/09\/Tatjana-2023-08-Q-12-1024x1024.jpg 1024w, https:\/\/ag-foto.de\/wp-content\/uploads\/2023\/09\/Tatjana-2023-08-Q-12-300x300.jpg 300w, https:\/\/ag-foto.de\/wp-content\/uploads\/2023\/09\/Tatjana-2023-08-Q-12-150x150.jpg 150w, https:\/\/ag-foto.de\/wp-content\/uploads\/2023\/09\/Tatjana-2023-08-Q-12-768x769.jpg 768w, https:\/\/ag-foto.de\/wp-content\/uploads\/2023\/09\/Tatjana-2023-08-Q-12-600x600.jpg 600w, https:\/\/ag-foto.de\/wp-content\/uploads\/2023\/09\/Tatjana-2023-08-Q-12.jpg 1067w\" sizes=\"(max-width: 1024px) 100vw, 1024px\" \/><\/a><\/figure>\n\n\n\n<figure class=\"wp-block-image size-large\"><a href=\"https:\/\/ag-foto.de\/wp-content\/uploads\/2023\/09\/Tatjana-2023-08-Q-11.jpg\"><img decoding=\"async\" width=\"1024\" height=\"1024\" data-id=\"1484\" src=\"https:\/\/ag-foto.de\/wp-content\/uploads\/2023\/09\/Tatjana-2023-08-Q-11-1024x1024.jpg\" alt=\"\" class=\"wp-image-1484\" srcset=\"https:\/\/ag-foto.de\/wp-content\/uploads\/2023\/09\/Tatjana-2023-08-Q-11-1024x1024.jpg 1024w, https:\/\/ag-foto.de\/wp-content\/uploads\/2023\/09\/Tatjana-2023-08-Q-11-300x300.jpg 300w, https:\/\/ag-foto.de\/wp-content\/uploads\/2023\/09\/Tatjana-2023-08-Q-11-150x150.jpg 150w, https:\/\/ag-foto.de\/wp-content\/uploads\/2023\/09\/Tatjana-2023-08-Q-11-768x769.jpg 768w, https:\/\/ag-foto.de\/wp-content\/uploads\/2023\/09\/Tatjana-2023-08-Q-11-600x600.jpg 600w, https:\/\/ag-foto.de\/wp-content\/uploads\/2023\/09\/Tatjana-2023-08-Q-11.jpg 1067w\" sizes=\"(max-width: 1024px) 100vw, 1024px\" \/><\/a><\/figure>\n<\/figure>\n\n\n\n<h3 class=\"wp-block-heading\">Make-Up<\/h3>\n\n\n\n<p>F\u00fcr die High Key Bilder w\u00e4hlen wir meistens ein st\u00e4rkeres Make-Up. Das kommt oft auf den Bildern sch\u00f6ner her\u00fcber. Hierf\u00fcr kannst du dein eigenen Make-Up benutzen. Im Studio verf\u00fcgen wir hierf\u00fcr ein ausreichend gro\u00dfer Platz mit gro\u00dfem Spiegel und Sitzgelegenheit. Gerne stellen wir auch eine Beraterin f\u00fcr dein individuelle Make-Up f\u00fcr das Shooting Thema bereit und kann das Auftragen des Make-Ups bis hin zum Haar stylen \u00fcbernehmen.<\/p>\n\n\n\n<figure class=\"wp-block-gallery has-nested-images columns-default is-cropped wp-block-gallery-2 is-layout-flex wp-block-gallery-is-layout-flex\">\n<figure class=\"wp-block-image size-large\"><a href=\"https:\/\/ag-foto.de\/wp-content\/uploads\/2023\/12\/BlackWeek6-012.png\"><img loading=\"lazy\" decoding=\"async\" width=\"576\" height=\"1024\" data-id=\"2004\" src=\"https:\/\/ag-foto.de\/wp-content\/uploads\/2023\/12\/BlackWeek6-012-576x1024.png\" alt=\"\" class=\"wp-image-2004\" srcset=\"https:\/\/ag-foto.de\/wp-content\/uploads\/2023\/12\/BlackWeek6-012-576x1024.png 576w, https:\/\/ag-foto.de\/wp-content\/uploads\/2023\/12\/BlackWeek6-012-169x300.png 169w, https:\/\/ag-foto.de\/wp-content\/uploads\/2023\/12\/BlackWeek6-012-768x1365.png 768w, https:\/\/ag-foto.de\/wp-content\/uploads\/2023\/12\/BlackWeek6-012-864x1536.png 864w, https:\/\/ag-foto.de\/wp-content\/uploads\/2023\/12\/BlackWeek6-012-338x600.png 338w, https:\/\/ag-foto.de\/wp-content\/uploads\/2023\/12\/BlackWeek6-012.png 1080w\" sizes=\"(max-width: 576px) 100vw, 576px\" \/><\/a><\/figure>\n\n\n\n<figure class=\"wp-block-image size-large\"><a href=\"https:\/\/ag-foto.de\/wp-content\/uploads\/2023\/12\/BlackWeek6-003.png\"><img loading=\"lazy\" decoding=\"async\" width=\"576\" height=\"1024\" data-id=\"2005\" src=\"https:\/\/ag-foto.de\/wp-content\/uploads\/2023\/12\/BlackWeek6-003-576x1024.png\" alt=\"\" class=\"wp-image-2005\" srcset=\"https:\/\/ag-foto.de\/wp-content\/uploads\/2023\/12\/BlackWeek6-003-576x1024.png 576w, https:\/\/ag-foto.de\/wp-content\/uploads\/2023\/12\/BlackWeek6-003-169x300.png 169w, https:\/\/ag-foto.de\/wp-content\/uploads\/2023\/12\/BlackWeek6-003-768x1365.png 768w, https:\/\/ag-foto.de\/wp-content\/uploads\/2023\/12\/BlackWeek6-003-864x1536.png 864w, https:\/\/ag-foto.de\/wp-content\/uploads\/2023\/12\/BlackWeek6-003-338x600.png 338w, https:\/\/ag-foto.de\/wp-content\/uploads\/2023\/12\/BlackWeek6-003.png 1080w\" sizes=\"(max-width: 576px) 100vw, 576px\" \/><\/a><\/figure>\n\n\n\n<figure class=\"wp-block-image size-large\"><a href=\"https:\/\/ag-foto.de\/wp-content\/uploads\/2023\/12\/BlackWeek6-013.png\"><img loading=\"lazy\" decoding=\"async\" width=\"576\" height=\"1024\" data-id=\"2003\" src=\"https:\/\/ag-foto.de\/wp-content\/uploads\/2023\/12\/BlackWeek6-013-576x1024.png\" alt=\"\" class=\"wp-image-2003\" srcset=\"https:\/\/ag-foto.de\/wp-content\/uploads\/2023\/12\/BlackWeek6-013-576x1024.png 576w, https:\/\/ag-foto.de\/wp-content\/uploads\/2023\/12\/BlackWeek6-013-169x300.png 169w, https:\/\/ag-foto.de\/wp-content\/uploads\/2023\/12\/BlackWeek6-013-768x1365.png 768w, https:\/\/ag-foto.de\/wp-content\/uploads\/2023\/12\/BlackWeek6-013-864x1536.png 864w, https:\/\/ag-foto.de\/wp-content\/uploads\/2023\/12\/BlackWeek6-013-338x600.png 338w, https:\/\/ag-foto.de\/wp-content\/uploads\/2023\/12\/BlackWeek6-013.png 1080w\" sizes=\"(max-width: 576px) 100vw, 576px\" \/><\/a><\/figure>\n<\/figure>\n\n\n\n<h3 class=\"wp-block-heading\">Jetzt Termin sichern<\/h3>\n\n\n\n<p><strong>Buche dein Portr\u00e4tshooting<\/strong> und halte deine Pers\u00f6nlichkeit in einzigartigen Bildern fest.<br><br><\/p>\n\n\n\n<div class=\"wp-block-buttons is-content-justification-center is-layout-flex wp-container-core-buttons-is-layout-a89b3969 wp-block-buttons-is-layout-flex\">\n<div class=\"wp-block-button\"><a class=\"wp-block-button__link has-black-color has-vivid-cyan-blue-background-color has-text-color has-background wp-element-button\" href=\"https:\/\/ag-foto.de\/?page_id=1297\">Hier kommst Du zu unseren Leistungen und Preise<\/a><\/div>\n<\/div>\n\n\n\n<p><\/p>\n","protected":false},"excerpt":{"rendered":"<p>Die pure \u00c4sthetik und Reinheit in der Fotografie Die High-Key-Fotografie fasziniert durch ihre besondere Wirkung. Charakteristisch f\u00fcr diesen Bildstil sind ein hoher Wei\u00dfanteil sowie helle Farb- und Graut\u00f6ne. Dadurch entstehen Aufnahmen, die edel wirken und f\u00fcr pure \u00c4sthetik und Reinheit stehen. Professionelle High-Key-Fotos sind keine \u00fcberbelichteten Bilder \u2013 sie sind das kunstvoll inszenierte Ergebnis perfekter &hellip; <\/p>\n<p class=\"link-more\"><a href=\"https:\/\/ag-foto.de\/?page_id=339\" class=\"more-link\">Mehr <span class=\"screen-reader-text\">\u00fcber &#8222;High Key Shooting&#8220; <\/span>Lesen<\/a><\/p>\n","protected":false},"author":1,"featured_media":1484,"parent":416,"menu_order":100,"comment_status":"closed","ping_status":"closed","template":"","meta":{"_glsr_average":0,"_glsr_ranking":0,"_glsr_reviews":0,"two_page_speed":[],"footnotes":""},"class_list":["post-339","page","type-page","status-publish","has-post-thumbnail","hentry"],"yoast_head":"<!-- This site is optimized with the Yoast SEO plugin v27.5 - https:\/\/yoast.com\/product\/yoast-seo-wordpress\/ -->\n<title>High Key Shooting - FOTOGRAPHIE OF MOMENTS<\/title>\n<meta name=\"description\" content=\"High-Key-Fotografie in Karlsruhe. Edle, helle Portr\u00e4ts mit perfekter Lichtf\u00fchrung. Entdecke zeitlose \u00c4sthetik und buche dein Shooting.\" \/>\n<meta name=\"robots\" content=\"index, follow, max-snippet:-1, max-image-preview:large, max-video-preview:-1\" \/>\n<link rel=\"canonical\" href=\"https:\/\/ag-foto.de\/?page_id=339\" \/>\n<meta property=\"og:locale\" content=\"de_DE\" \/>\n<meta property=\"og:type\" content=\"article\" \/>\n<meta property=\"og:title\" content=\"High Key Shooting - FOTOGRAPHIE OF MOMENTS\" \/>\n<meta property=\"og:description\" content=\"High-Key-Fotografie in Karlsruhe. Edle, helle Portr\u00e4ts mit perfekter Lichtf\u00fchrung. Entdecke zeitlose \u00c4sthetik und buche dein Shooting.\" \/>\n<meta property=\"og:url\" content=\"https:\/\/ag-foto.de\/?page_id=339\" \/>\n<meta property=\"og:site_name\" content=\"FOTOGRAPHIE OF MOMENTS\" \/>\n<meta property=\"article:publisher\" content=\"https:\/\/www.facebook.com\/uwfoto\" \/>\n<meta property=\"article:modified_time\" content=\"2026-01-02T23:31:32+00:00\" \/>\n<meta property=\"og:image\" content=\"https:\/\/ag-foto.de\/wp-content\/uploads\/2023\/09\/Tatjana-2023-08-Q-11.jpg\" \/>\n\t<meta property=\"og:image:width\" content=\"1067\" \/>\n\t<meta property=\"og:image:height\" content=\"1068\" \/>\n\t<meta property=\"og:image:type\" content=\"image\/jpeg\" \/>\n<meta name=\"twitter:card\" content=\"summary_large_image\" \/>\n<meta name=\"twitter:site\" content=\"@INFO_GERBER\" \/>\n<meta name=\"twitter:label1\" content=\"Gesch\u00e4tzte Lesezeit\" \/>\n\t<meta name=\"twitter:data1\" content=\"3\u00a0Minuten\" \/>\n<script type=\"application\/ld+json\" class=\"yoast-schema-graph\">{\"@context\":\"https:\\\/\\\/schema.org\",\"@graph\":[{\"@type\":\"WebPage\",\"@id\":\"https:\\\/\\\/ag-foto.de\\\/?page_id=339\",\"url\":\"https:\\\/\\\/ag-foto.de\\\/?page_id=339\",\"name\":\"High Key Shooting - FOTOGRAPHIE OF MOMENTS\",\"isPartOf\":{\"@id\":\"https:\\\/\\\/ag-foto.de\\\/#website\"},\"primaryImageOfPage\":{\"@id\":\"https:\\\/\\\/ag-foto.de\\\/?page_id=339#primaryimage\"},\"image\":{\"@id\":\"https:\\\/\\\/ag-foto.de\\\/?page_id=339#primaryimage\"},\"thumbnailUrl\":\"https:\\\/\\\/ag-foto.de\\\/wp-content\\\/uploads\\\/2023\\\/09\\\/Tatjana-2023-08-Q-11.jpg\",\"datePublished\":\"2019-06-19T19:53:31+00:00\",\"dateModified\":\"2026-01-02T23:31:32+00:00\",\"description\":\"High-Key-Fotografie in Karlsruhe. Edle, helle Portr\u00e4ts mit perfekter Lichtf\u00fchrung. Entdecke zeitlose \u00c4sthetik und buche dein Shooting.\",\"breadcrumb\":{\"@id\":\"https:\\\/\\\/ag-foto.de\\\/?page_id=339#breadcrumb\"},\"inLanguage\":\"de\",\"potentialAction\":[{\"@type\":\"ReadAction\",\"target\":[\"https:\\\/\\\/ag-foto.de\\\/?page_id=339\"]}]},{\"@type\":\"ImageObject\",\"inLanguage\":\"de\",\"@id\":\"https:\\\/\\\/ag-foto.de\\\/?page_id=339#primaryimage\",\"url\":\"https:\\\/\\\/ag-foto.de\\\/wp-content\\\/uploads\\\/2023\\\/09\\\/Tatjana-2023-08-Q-11.jpg\",\"contentUrl\":\"https:\\\/\\\/ag-foto.de\\\/wp-content\\\/uploads\\\/2023\\\/09\\\/Tatjana-2023-08-Q-11.jpg\",\"width\":1067,\"height\":1068},{\"@type\":\"BreadcrumbList\",\"@id\":\"https:\\\/\\\/ag-foto.de\\\/?page_id=339#breadcrumb\",\"itemListElement\":[{\"@type\":\"ListItem\",\"position\":1,\"name\":\"Startseite\",\"item\":\"https:\\\/\\\/ag-foto.de\\\/\"},{\"@type\":\"ListItem\",\"position\":2,\"name\":\"Shooting-Erlebnisse\",\"item\":\"https:\\\/\\\/ag-foto.de\\\/?page_id=416\"},{\"@type\":\"ListItem\",\"position\":3,\"name\":\"High Key Shooting\"}]},{\"@type\":\"WebSite\",\"@id\":\"https:\\\/\\\/ag-foto.de\\\/#website\",\"url\":\"https:\\\/\\\/ag-foto.de\\\/\",\"name\":\"FOTOGRAPHIE OF MOMENTS\",\"description\":\"Studio | Portrait | In- Outdoor | Homestory | Unterwasserfotografie\",\"potentialAction\":[{\"@type\":\"SearchAction\",\"target\":{\"@type\":\"EntryPoint\",\"urlTemplate\":\"https:\\\/\\\/ag-foto.de\\\/?s={search_term_string}\"},\"query-input\":{\"@type\":\"PropertyValueSpecification\",\"valueRequired\":true,\"valueName\":\"search_term_string\"}}],\"inLanguage\":\"de\"}]}<\/script>\n<!-- \/ Yoast SEO plugin. -->","yoast_head_json":{"title":"High Key Shooting - FOTOGRAPHIE OF MOMENTS","description":"High-Key-Fotografie in Karlsruhe. Edle, helle Portr\u00e4ts mit perfekter Lichtf\u00fchrung. Entdecke zeitlose \u00c4sthetik und buche dein Shooting.","robots":{"index":"index","follow":"follow","max-snippet":"max-snippet:-1","max-image-preview":"max-image-preview:large","max-video-preview":"max-video-preview:-1"},"canonical":"https:\/\/ag-foto.de\/?page_id=339","og_locale":"de_DE","og_type":"article","og_title":"High Key Shooting - FOTOGRAPHIE OF MOMENTS","og_description":"High-Key-Fotografie in Karlsruhe. Edle, helle Portr\u00e4ts mit perfekter Lichtf\u00fchrung. Entdecke zeitlose \u00c4sthetik und buche dein Shooting.","og_url":"https:\/\/ag-foto.de\/?page_id=339","og_site_name":"FOTOGRAPHIE OF MOMENTS","article_publisher":"https:\/\/www.facebook.com\/uwfoto","article_modified_time":"2026-01-02T23:31:32+00:00","og_image":[{"width":1067,"height":1068,"url":"https:\/\/ag-foto.de\/wp-content\/uploads\/2023\/09\/Tatjana-2023-08-Q-11.jpg","type":"image\/jpeg"}],"twitter_card":"summary_large_image","twitter_site":"@INFO_GERBER","twitter_misc":{"Gesch\u00e4tzte Lesezeit":"3\u00a0Minuten"},"schema":{"@context":"https:\/\/schema.org","@graph":[{"@type":"WebPage","@id":"https:\/\/ag-foto.de\/?page_id=339","url":"https:\/\/ag-foto.de\/?page_id=339","name":"High Key Shooting - FOTOGRAPHIE OF MOMENTS","isPartOf":{"@id":"https:\/\/ag-foto.de\/#website"},"primaryImageOfPage":{"@id":"https:\/\/ag-foto.de\/?page_id=339#primaryimage"},"image":{"@id":"https:\/\/ag-foto.de\/?page_id=339#primaryimage"},"thumbnailUrl":"https:\/\/ag-foto.de\/wp-content\/uploads\/2023\/09\/Tatjana-2023-08-Q-11.jpg","datePublished":"2019-06-19T19:53:31+00:00","dateModified":"2026-01-02T23:31:32+00:00","description":"High-Key-Fotografie in Karlsruhe. Edle, helle Portr\u00e4ts mit perfekter Lichtf\u00fchrung. Entdecke zeitlose \u00c4sthetik und buche dein Shooting.","breadcrumb":{"@id":"https:\/\/ag-foto.de\/?page_id=339#breadcrumb"},"inLanguage":"de","potentialAction":[{"@type":"ReadAction","target":["https:\/\/ag-foto.de\/?page_id=339"]}]},{"@type":"ImageObject","inLanguage":"de","@id":"https:\/\/ag-foto.de\/?page_id=339#primaryimage","url":"https:\/\/ag-foto.de\/wp-content\/uploads\/2023\/09\/Tatjana-2023-08-Q-11.jpg","contentUrl":"https:\/\/ag-foto.de\/wp-content\/uploads\/2023\/09\/Tatjana-2023-08-Q-11.jpg","width":1067,"height":1068},{"@type":"BreadcrumbList","@id":"https:\/\/ag-foto.de\/?page_id=339#breadcrumb","itemListElement":[{"@type":"ListItem","position":1,"name":"Startseite","item":"https:\/\/ag-foto.de\/"},{"@type":"ListItem","position":2,"name":"Shooting-Erlebnisse","item":"https:\/\/ag-foto.de\/?page_id=416"},{"@type":"ListItem","position":3,"name":"High Key Shooting"}]},{"@type":"WebSite","@id":"https:\/\/ag-foto.de\/#website","url":"https:\/\/ag-foto.de\/","name":"FOTOGRAPHIE OF MOMENTS","description":"Studio | Portrait | In- Outdoor | Homestory | Unterwasserfotografie","potentialAction":[{"@type":"SearchAction","target":{"@type":"EntryPoint","urlTemplate":"https:\/\/ag-foto.de\/?s={search_term_string}"},"query-input":{"@type":"PropertyValueSpecification","valueRequired":true,"valueName":"search_term_string"}}],"inLanguage":"de"}]}},"_links":{"self":[{"href":"https:\/\/ag-foto.de\/index.php?rest_route=\/wp\/v2\/pages\/339","targetHints":{"allow":["GET"]}}],"collection":[{"href":"https:\/\/ag-foto.de\/index.php?rest_route=\/wp\/v2\/pages"}],"about":[{"href":"https:\/\/ag-foto.de\/index.php?rest_route=\/wp\/v2\/types\/page"}],"author":[{"embeddable":true,"href":"https:\/\/ag-foto.de\/index.php?rest_route=\/wp\/v2\/users\/1"}],"replies":[{"embeddable":true,"href":"https:\/\/ag-foto.de\/index.php?rest_route=%2Fwp%2Fv2%2Fcomments&post=339"}],"version-history":[{"count":1,"href":"https:\/\/ag-foto.de\/index.php?rest_route=\/wp\/v2\/pages\/339\/revisions"}],"predecessor-version":[{"id":4153,"href":"https:\/\/ag-foto.de\/index.php?rest_route=\/wp\/v2\/pages\/339\/revisions\/4153"}],"up":[{"embeddable":true,"href":"https:\/\/ag-foto.de\/index.php?rest_route=\/wp\/v2\/pages\/416"}],"wp:featuredmedia":[{"embeddable":true,"href":"https:\/\/ag-foto.de\/index.php?rest_route=\/wp\/v2\/media\/1484"}],"wp:attachment":[{"href":"https:\/\/ag-foto.de\/index.php?rest_route=%2Fwp%2Fv2%2Fmedia&parent=339"}],"curies":[{"name":"wp","href":"https:\/\/api.w.org\/{rel}","templated":true}]}}