{"id":2640,"date":"2024-09-12T21:14:24","date_gmt":"2024-09-12T21:14:24","guid":{"rendered":"https:\/\/ag-foto.de\/?page_id=2640"},"modified":"2025-01-31T09:15:45","modified_gmt":"2025-01-31T09:15:45","slug":"download-bereich","status":"publish","type":"page","link":"https:\/\/ag-foto.de\/?page_id=2640","title":{"rendered":"Download Bereich"},"content":{"rendered":"\n<p style=\"font-style:normal;font-weight:300\">Wir freuen uns, dass du hier bist. In dem Download Bereich findest du eine Auswahl an hochwertigen Fotos. W\u00e4hle hierzu den passenden Link aus und du gelangst zu unserer Online Galerie von www.portraitbox.com. Wir w\u00fcnschen dir viel Spa\u00df beim Entdecken unserer Fotos. Solltest du Fragen haben oder Unterst\u00fctzung ben\u00f6tigen, steht unser Support-Team dir jederzeit zur Verf\u00fcgung.<\/p>\n\n\n\n<p><strong>\u00d6ffentlicher Bereich (ohne Passwort)<\/strong><\/p>\n\n\n\n<p>Hier kommst Du zu unterer Online Galerie. Verwende hierzu  &#8222;<strong>Galerie2025<\/strong>&#8220; um Zugang zu erhalten. Wir freuen uns \u00fcber Deine Bestellung.<\/p>\n\n\n\n<div class=\"wp-block-buttons is-layout-flex wp-block-buttons-is-layout-flex\">\n<div class=\"wp-block-button\"><a class=\"wp-block-button__link wp-element-button\" href=\"https:\/\/ag-foto.portraitbox.com\/photos\/gallerie-1102145\">Online Galerie<\/a><\/div>\n<\/div>\n\n\n\n<hr class=\"wp-block-separator has-alpha-channel-opacity\"\/>\n\n\n\n<p>Hast du ein Event und m\u00f6chtest Fine Art Bilder bestellen oder diese mit deinen G\u00e4sten teilen? Dann ist das hier ein Demo-Beispiel. Diese Demo-Galerie zeigt, wie es f\u00fcr dein Event aussehen k\u00f6nnte. Verwende &#8222;<strong>Demo2025<\/strong>&#8220; um Zugang zu erhalten.<\/p>\n\n\n\n<div class=\"wp-block-buttons is-layout-flex wp-block-buttons-is-layout-flex\">\n<div class=\"wp-block-button\"><a class=\"wp-block-button__link wp-element-button\" href=\"https:\/\/ag-foto.portraitbox.com\/photos\/event-demo-1101759\">Event Galerie Demo<\/a><\/div>\n<\/div>\n\n\n\n<hr class=\"wp-block-separator has-alpha-channel-opacity\"\/>\n\n\n\n<p><strong>Gesch\u00fctzter Bereich (nur mit Passwort)<\/strong><\/p>\n\n\n\n<div class=\"wp-block-buttons is-layout-flex wp-block-buttons-is-layout-flex\">\n<div class=\"wp-block-button is-style-outline is-style-outline--1\"><a class=\"wp-block-button__link has-black-color has-light-green-cyan-background-color has-text-color has-background has-link-color wp-element-button\" href=\"https:\/\/ag-foto.de\/?page_id=2647\">12.01.2025 Fotoshooting AF<\/a><\/div>\n<\/div>\n\n\n\n<div class=\"wp-block-buttons is-layout-flex wp-block-buttons-is-layout-flex\">\n<div class=\"wp-block-button is-style-outline is-style-outline--2\"><a class=\"wp-block-button__link has-black-color has-light-green-cyan-background-color has-text-color has-background has-link-color wp-element-button\" href=\"https:\/\/ag-foto.de\/?page_id=2647\">19.12.2025 Shooting VM<\/a><\/div>\n<\/div>\n\n\n\n<p><\/p>\n\n\n\n<p><\/p>\n\n\n\n<p><\/p>\n","protected":false},"excerpt":{"rendered":"<p>Wir freuen uns, dass du hier bist. In dem Download Bereich findest du eine Auswahl an hochwertigen Fotos. W\u00e4hle hierzu den passenden Link aus und du gelangst zu unserer Online Galerie von www.portraitbox.com. Wir w\u00fcnschen dir viel Spa\u00df beim Entdecken unserer Fotos. Solltest du Fragen haben oder Unterst\u00fctzung ben\u00f6tigen, steht unser Support-Team dir jederzeit zur &hellip; <\/p>\n<p class=\"link-more\"><a href=\"https:\/\/ag-foto.de\/?page_id=2640\" class=\"more-link\">Mehr <span class=\"screen-reader-text\">\u00fcber &#8222;Download Bereich&#8220; <\/span>Lesen<\/a><\/p>\n","protected":false},"author":1,"featured_media":2781,"parent":0,"menu_order":0,"comment_status":"closed","ping_status":"closed","template":"","meta":{"_glsr_average":0,"_glsr_ranking":0,"_glsr_reviews":0,"two_page_speed":[],"footnotes":""},"class_list":["post-2640","page","type-page","status-publish","has-post-thumbnail","hentry"],"yoast_head":"<!-- This site is optimized with the Yoast SEO plugin v27.2 - https:\/\/yoast.com\/product\/yoast-seo-wordpress\/ -->\n<title>Download Bereich - FOTOGRAPHIE OF MOMENTS<\/title>\n<meta name=\"robots\" content=\"index, follow, max-snippet:-1, max-image-preview:large, max-video-preview:-1\" \/>\n<link rel=\"canonical\" href=\"https:\/\/ag-foto.de\/?page_id=2640\" \/>\n<meta property=\"og:locale\" content=\"de_DE\" \/>\n<meta property=\"og:type\" content=\"article\" \/>\n<meta property=\"og:title\" content=\"Download Bereich - FOTOGRAPHIE OF MOMENTS\" \/>\n<meta property=\"og:description\" content=\"Wir freuen uns, dass du hier bist. In dem Download Bereich findest du eine Auswahl an hochwertigen Fotos. W\u00e4hle hierzu den passenden Link aus und du gelangst zu unserer Online Galerie von www.portraitbox.com. Wir w\u00fcnschen dir viel Spa\u00df beim Entdecken unserer Fotos. Solltest du Fragen haben oder Unterst\u00fctzung ben\u00f6tigen, steht unser Support-Team dir jederzeit zur &hellip; Mehr \u00fcber &quot;Download Bereich&quot; Lesen\" \/>\n<meta property=\"og:url\" content=\"https:\/\/ag-foto.de\/?page_id=2640\" \/>\n<meta property=\"og:site_name\" content=\"FOTOGRAPHIE OF MOMENTS\" \/>\n<meta property=\"article:publisher\" content=\"https:\/\/www.facebook.com\/uwfoto\" \/>\n<meta property=\"article:modified_time\" content=\"2025-01-31T09:15:45+00:00\" \/>\n<meta property=\"og:image\" content=\"https:\/\/ag-foto.de\/wp-content\/uploads\/2024\/10\/Gerber_Andreas_13_VielfaltDesEises.jpg\" \/>\n\t<meta property=\"og:image:width\" content=\"1902\" \/>\n\t<meta property=\"og:image:height\" content=\"1080\" \/>\n\t<meta property=\"og:image:type\" content=\"image\/jpeg\" \/>\n<meta name=\"twitter:card\" content=\"summary_large_image\" \/>\n<meta name=\"twitter:site\" content=\"@INFO_GERBER\" \/>\n<meta name=\"twitter:label1\" content=\"Gesch\u00e4tzte Lesezeit\" \/>\n\t<meta name=\"twitter:data1\" content=\"1\u00a0Minute\" \/>\n<script type=\"application\/ld+json\" class=\"yoast-schema-graph\">{\"@context\":\"https:\/\/schema.org\",\"@graph\":[{\"@type\":\"WebPage\",\"@id\":\"https:\/\/ag-foto.de\/?page_id=2640\",\"url\":\"https:\/\/ag-foto.de\/?page_id=2640\",\"name\":\"Download Bereich - FOTOGRAPHIE OF MOMENTS\",\"isPartOf\":{\"@id\":\"https:\/\/ag-foto.de\/#website\"},\"primaryImageOfPage\":{\"@id\":\"https:\/\/ag-foto.de\/?page_id=2640#primaryimage\"},\"image\":{\"@id\":\"https:\/\/ag-foto.de\/?page_id=2640#primaryimage\"},\"thumbnailUrl\":\"https:\/\/ag-foto.de\/wp-content\/uploads\/2024\/10\/Gerber_Andreas_13_VielfaltDesEises.jpg\",\"datePublished\":\"2024-09-12T21:14:24+00:00\",\"dateModified\":\"2025-01-31T09:15:45+00:00\",\"breadcrumb\":{\"@id\":\"https:\/\/ag-foto.de\/?page_id=2640#breadcrumb\"},\"inLanguage\":\"de\",\"potentialAction\":[{\"@type\":\"ReadAction\",\"target\":[\"https:\/\/ag-foto.de\/?page_id=2640\"]}]},{\"@type\":\"ImageObject\",\"inLanguage\":\"de\",\"@id\":\"https:\/\/ag-foto.de\/?page_id=2640#primaryimage\",\"url\":\"https:\/\/ag-foto.de\/wp-content\/uploads\/2024\/10\/Gerber_Andreas_13_VielfaltDesEises.jpg\",\"contentUrl\":\"https:\/\/ag-foto.de\/wp-content\/uploads\/2024\/10\/Gerber_Andreas_13_VielfaltDesEises.jpg\",\"width\":1902,\"height\":1080},{\"@type\":\"BreadcrumbList\",\"@id\":\"https:\/\/ag-foto.de\/?page_id=2640#breadcrumb\",\"itemListElement\":[{\"@type\":\"ListItem\",\"position\":1,\"name\":\"Startseite\",\"item\":\"https:\/\/ag-foto.de\/\"},{\"@type\":\"ListItem\",\"position\":2,\"name\":\"Download Bereich\"}]},{\"@type\":\"WebSite\",\"@id\":\"https:\/\/ag-foto.de\/#website\",\"url\":\"https:\/\/ag-foto.de\/\",\"name\":\"FOTOGRAPHIE OF MOMENTS\",\"description\":\"Studio | Portrait | In- Outdoor | Homestory | Unterwasserfotografie\",\"potentialAction\":[{\"@type\":\"SearchAction\",\"target\":{\"@type\":\"EntryPoint\",\"urlTemplate\":\"https:\/\/ag-foto.de\/?s={search_term_string}\"},\"query-input\":{\"@type\":\"PropertyValueSpecification\",\"valueRequired\":true,\"valueName\":\"search_term_string\"}}],\"inLanguage\":\"de\"}]}<\/script>\n<!-- \/ Yoast SEO plugin. -->","yoast_head_json":{"title":"Download Bereich - FOTOGRAPHIE OF MOMENTS","robots":{"index":"index","follow":"follow","max-snippet":"max-snippet:-1","max-image-preview":"max-image-preview:large","max-video-preview":"max-video-preview:-1"},"canonical":"https:\/\/ag-foto.de\/?page_id=2640","og_locale":"de_DE","og_type":"article","og_title":"Download Bereich - FOTOGRAPHIE OF MOMENTS","og_description":"Wir freuen uns, dass du hier bist. In dem Download Bereich findest du eine Auswahl an hochwertigen Fotos. W\u00e4hle hierzu den passenden Link aus und du gelangst zu unserer Online Galerie von www.portraitbox.com. Wir w\u00fcnschen dir viel Spa\u00df beim Entdecken unserer Fotos. Solltest du Fragen haben oder Unterst\u00fctzung ben\u00f6tigen, steht unser Support-Team dir jederzeit zur &hellip; Mehr \u00fcber \"Download Bereich\" Lesen","og_url":"https:\/\/ag-foto.de\/?page_id=2640","og_site_name":"FOTOGRAPHIE OF MOMENTS","article_publisher":"https:\/\/www.facebook.com\/uwfoto","article_modified_time":"2025-01-31T09:15:45+00:00","og_image":[{"width":1902,"height":1080,"url":"https:\/\/ag-foto.de\/wp-content\/uploads\/2024\/10\/Gerber_Andreas_13_VielfaltDesEises.jpg","type":"image\/jpeg"}],"twitter_card":"summary_large_image","twitter_site":"@INFO_GERBER","twitter_misc":{"Gesch\u00e4tzte Lesezeit":"1\u00a0Minute"},"schema":{"@context":"https:\/\/schema.org","@graph":[{"@type":"WebPage","@id":"https:\/\/ag-foto.de\/?page_id=2640","url":"https:\/\/ag-foto.de\/?page_id=2640","name":"Download Bereich - FOTOGRAPHIE OF MOMENTS","isPartOf":{"@id":"https:\/\/ag-foto.de\/#website"},"primaryImageOfPage":{"@id":"https:\/\/ag-foto.de\/?page_id=2640#primaryimage"},"image":{"@id":"https:\/\/ag-foto.de\/?page_id=2640#primaryimage"},"thumbnailUrl":"https:\/\/ag-foto.de\/wp-content\/uploads\/2024\/10\/Gerber_Andreas_13_VielfaltDesEises.jpg","datePublished":"2024-09-12T21:14:24+00:00","dateModified":"2025-01-31T09:15:45+00:00","breadcrumb":{"@id":"https:\/\/ag-foto.de\/?page_id=2640#breadcrumb"},"inLanguage":"de","potentialAction":[{"@type":"ReadAction","target":["https:\/\/ag-foto.de\/?page_id=2640"]}]},{"@type":"ImageObject","inLanguage":"de","@id":"https:\/\/ag-foto.de\/?page_id=2640#primaryimage","url":"https:\/\/ag-foto.de\/wp-content\/uploads\/2024\/10\/Gerber_Andreas_13_VielfaltDesEises.jpg","contentUrl":"https:\/\/ag-foto.de\/wp-content\/uploads\/2024\/10\/Gerber_Andreas_13_VielfaltDesEises.jpg","width":1902,"height":1080},{"@type":"BreadcrumbList","@id":"https:\/\/ag-foto.de\/?page_id=2640#breadcrumb","itemListElement":[{"@type":"ListItem","position":1,"name":"Startseite","item":"https:\/\/ag-foto.de\/"},{"@type":"ListItem","position":2,"name":"Download Bereich"}]},{"@type":"WebSite","@id":"https:\/\/ag-foto.de\/#website","url":"https:\/\/ag-foto.de\/","name":"FOTOGRAPHIE OF MOMENTS","description":"Studio | Portrait | In- Outdoor | Homestory | Unterwasserfotografie","potentialAction":[{"@type":"SearchAction","target":{"@type":"EntryPoint","urlTemplate":"https:\/\/ag-foto.de\/?s={search_term_string}"},"query-input":{"@type":"PropertyValueSpecification","valueRequired":true,"valueName":"search_term_string"}}],"inLanguage":"de"}]}},"_links":{"self":[{"href":"https:\/\/ag-foto.de\/index.php?rest_route=\/wp\/v2\/pages\/2640","targetHints":{"allow":["GET"]}}],"collection":[{"href":"https:\/\/ag-foto.de\/index.php?rest_route=\/wp\/v2\/pages"}],"about":[{"href":"https:\/\/ag-foto.de\/index.php?rest_route=\/wp\/v2\/types\/page"}],"author":[{"embeddable":true,"href":"https:\/\/ag-foto.de\/index.php?rest_route=\/wp\/v2\/users\/1"}],"replies":[{"embeddable":true,"href":"https:\/\/ag-foto.de\/index.php?rest_route=%2Fwp%2Fv2%2Fcomments&post=2640"}],"version-history":[{"count":11,"href":"https:\/\/ag-foto.de\/index.php?rest_route=\/wp\/v2\/pages\/2640\/revisions"}],"predecessor-version":[{"id":3316,"href":"https:\/\/ag-foto.de\/index.php?rest_route=\/wp\/v2\/pages\/2640\/revisions\/3316"}],"wp:featuredmedia":[{"embeddable":true,"href":"https:\/\/ag-foto.de\/index.php?rest_route=\/wp\/v2\/media\/2781"}],"wp:attachment":[{"href":"https:\/\/ag-foto.de\/index.php?rest_route=%2Fwp%2Fv2%2Fmedia&parent=2640"}],"curies":[{"name":"wp","href":"https:\/\/api.w.org\/{rel}","templated":true}]}}