{"id":2351,"date":"2024-06-13T09:42:44","date_gmt":"2024-06-13T09:42:44","guid":{"rendered":"https:\/\/ag-foto.de\/?page_id=2351"},"modified":"2025-12-23T13:38:31","modified_gmt":"2025-12-23T12:38:31","slug":"newsletter","status":"publish","type":"page","link":"https:\/\/ag-foto.de\/?page_id=2351","title":{"rendered":"Newsletter"},"content":{"rendered":"<h3>Anmeldung zum Newsletter von AG-FOTO<\/h3>\r\n<p>Vielen Dank, dass Du Dich f\u00fcr unseren Newsletter interessiert. Wir ben\u00f6tigen daf\u00fcr folgende Informationen:<\/p>\r\n<p><div class=\"tnp tnp-subscription \">\n<form method=\"post\" action=\"https:\/\/ag-foto.de\/wp-admin\/admin-ajax.php?action=tnp&amp;na=s\">\n<input type=\"hidden\" name=\"nlang\" value=\"\">\n<div class=\"tnp-field tnp-field-firstname\"><label for=\"tnp-1\">Vorname<\/label>\n<input class=\"tnp-name\" type=\"text\" name=\"nn\" id=\"tnp-1\" value=\"\" placeholder=\"\"><\/div>\n<div class=\"tnp-field tnp-field-surname\"><label for=\"tnp-2\">Nachname<\/label>\n<input class=\"tnp-surname\" type=\"text\" name=\"ns\" id=\"tnp-2\" value=\"\" placeholder=\"\"><\/div><div class=\"tnp-field tnp-field-email\"><label for=\"tnp-3\">E-Mail-Adresse<\/label>\n<input class=\"tnp-email\" type=\"email\" name=\"ne\" id=\"tnp-3\" value=\"\" placeholder=\"\" required><\/div>\n<div class=\"tnp-field tnp-privacy-field\"><label><input type=\"checkbox\" name=\"ny\" required class=\"tnp-privacy\"> <a target=\"_blank\" href=\"https:\/\/ag-foto.de\/?page_id=840\">Hiermit akzeptiere ich die Datenschutzbestimmungen<\/a><\/label><\/div><div class=\"tnp-field tnp-field-button\" style=\"text-align: left\"><input class=\"tnp-submit\" type=\"submit\" value=\"Abonnieren\" style=\"\">\n<\/div>\n<\/form>\n<\/div>\n<\/p>\r\n<p>Hier geht es zu unserem <a href=\"https:\/\/ag-foto.de\/?page_id=9\">Impressum<\/a><\/p>\n\n\n\n<p>&nbsp;<\/p>\n\n\n\n<h3 class=\"wp-block-heading\">Aktueller Newsletter<\/h3>\n\n\n\n<p><a href=\"https:\/\/ag-foto.de\/?na=view&amp;id=11\">Newsletter vom Dezember 2025<\/a><\/p>\n\n\n\n<h3 class=\"wp-block-heading\">Archiv Newsletter<\/h3>\n\n\n\n<p><a href=\"https:\/\/ag-foto.de\/?na=view&amp;id=10\">Newsletter vom Oktober 2025<\/a><\/p>\n\n\n\n<p><a href=\"https:\/\/ag-foto.de\/?na=view&amp;id=9\">Newsletter vom M\u00e4rz 2025<\/a> <\/p>\n\n\n\n<p><\/p>\n","protected":false},"excerpt":{"rendered":"<p>&nbsp; Aktueller Newsletter Newsletter vom Dezember 2025 Archiv Newsletter Newsletter vom Oktober 2025 Newsletter vom M\u00e4rz 2025<\/p>\n","protected":false},"author":1,"featured_media":3031,"parent":0,"menu_order":0,"comment_status":"closed","ping_status":"closed","template":"","meta":{"_glsr_average":0,"_glsr_ranking":0,"_glsr_reviews":0,"two_page_speed":[],"footnotes":""},"class_list":["post-2351","page","type-page","status-publish","has-post-thumbnail","hentry"],"yoast_head":"<!-- This site is optimized with the Yoast SEO plugin v27.5 - https:\/\/yoast.com\/product\/yoast-seo-wordpress\/ -->\n<title>Newsletter - FOTOGRAPHIE OF MOMENTS<\/title>\n<meta name=\"robots\" content=\"index, follow, max-snippet:-1, max-image-preview:large, max-video-preview:-1\" \/>\n<link rel=\"canonical\" href=\"https:\/\/ag-foto.de\/?page_id=2351\" \/>\n<meta property=\"og:locale\" content=\"de_DE\" \/>\n<meta property=\"og:type\" content=\"article\" \/>\n<meta property=\"og:title\" content=\"Newsletter - FOTOGRAPHIE OF MOMENTS\" \/>\n<meta property=\"og:description\" content=\"&nbsp; Aktueller Newsletter Newsletter vom Dezember 2025 Archiv Newsletter Newsletter vom Oktober 2025 Newsletter vom M\u00e4rz 2025\" \/>\n<meta property=\"og:url\" content=\"https:\/\/ag-foto.de\/?page_id=2351\" \/>\n<meta property=\"og:site_name\" content=\"FOTOGRAPHIE OF MOMENTS\" \/>\n<meta property=\"article:publisher\" content=\"https:\/\/www.facebook.com\/uwfoto\" \/>\n<meta property=\"article:modified_time\" content=\"2025-12-23T12:38:31+00:00\" \/>\n<meta property=\"og:image\" content=\"https:\/\/ag-foto.de\/wp-content\/uploads\/2024\/12\/Newsletter-2.jpg\" \/>\n\t<meta property=\"og:image:width\" content=\"1022\" \/>\n\t<meta property=\"og:image:height\" content=\"348\" \/>\n\t<meta property=\"og:image:type\" content=\"image\/jpeg\" \/>\n<meta name=\"twitter:card\" content=\"summary_large_image\" \/>\n<meta name=\"twitter:site\" content=\"@INFO_GERBER\" \/>\n<meta name=\"twitter:label1\" content=\"Gesch\u00e4tzte Lesezeit\" \/>\n\t<meta name=\"twitter:data1\" content=\"1\u00a0Minute\" \/>\n<script type=\"application\/ld+json\" class=\"yoast-schema-graph\">{\"@context\":\"https:\\\/\\\/schema.org\",\"@graph\":[{\"@type\":\"WebPage\",\"@id\":\"https:\\\/\\\/ag-foto.de\\\/?page_id=2351\",\"url\":\"https:\\\/\\\/ag-foto.de\\\/?page_id=2351\",\"name\":\"Newsletter - FOTOGRAPHIE OF MOMENTS\",\"isPartOf\":{\"@id\":\"https:\\\/\\\/ag-foto.de\\\/#website\"},\"primaryImageOfPage\":{\"@id\":\"https:\\\/\\\/ag-foto.de\\\/?page_id=2351#primaryimage\"},\"image\":{\"@id\":\"https:\\\/\\\/ag-foto.de\\\/?page_id=2351#primaryimage\"},\"thumbnailUrl\":\"https:\\\/\\\/ag-foto.de\\\/wp-content\\\/uploads\\\/2024\\\/12\\\/Newsletter-2.jpg\",\"datePublished\":\"2024-06-13T09:42:44+00:00\",\"dateModified\":\"2025-12-23T12:38:31+00:00\",\"breadcrumb\":{\"@id\":\"https:\\\/\\\/ag-foto.de\\\/?page_id=2351#breadcrumb\"},\"inLanguage\":\"de\",\"potentialAction\":[{\"@type\":\"ReadAction\",\"target\":[\"https:\\\/\\\/ag-foto.de\\\/?page_id=2351\"]}]},{\"@type\":\"ImageObject\",\"inLanguage\":\"de\",\"@id\":\"https:\\\/\\\/ag-foto.de\\\/?page_id=2351#primaryimage\",\"url\":\"https:\\\/\\\/ag-foto.de\\\/wp-content\\\/uploads\\\/2024\\\/12\\\/Newsletter-2.jpg\",\"contentUrl\":\"https:\\\/\\\/ag-foto.de\\\/wp-content\\\/uploads\\\/2024\\\/12\\\/Newsletter-2.jpg\",\"width\":1022,\"height\":348},{\"@type\":\"BreadcrumbList\",\"@id\":\"https:\\\/\\\/ag-foto.de\\\/?page_id=2351#breadcrumb\",\"itemListElement\":[{\"@type\":\"ListItem\",\"position\":1,\"name\":\"Startseite\",\"item\":\"https:\\\/\\\/ag-foto.de\\\/\"},{\"@type\":\"ListItem\",\"position\":2,\"name\":\"Newsletter\"}]},{\"@type\":\"WebSite\",\"@id\":\"https:\\\/\\\/ag-foto.de\\\/#website\",\"url\":\"https:\\\/\\\/ag-foto.de\\\/\",\"name\":\"FOTOGRAPHIE OF MOMENTS\",\"description\":\"Studio | Portrait | In- Outdoor | Homestory | Unterwasserfotografie\",\"potentialAction\":[{\"@type\":\"SearchAction\",\"target\":{\"@type\":\"EntryPoint\",\"urlTemplate\":\"https:\\\/\\\/ag-foto.de\\\/?s={search_term_string}\"},\"query-input\":{\"@type\":\"PropertyValueSpecification\",\"valueRequired\":true,\"valueName\":\"search_term_string\"}}],\"inLanguage\":\"de\"}]}<\/script>\n<!-- \/ Yoast SEO plugin. -->","yoast_head_json":{"title":"Newsletter - FOTOGRAPHIE OF MOMENTS","robots":{"index":"index","follow":"follow","max-snippet":"max-snippet:-1","max-image-preview":"max-image-preview:large","max-video-preview":"max-video-preview:-1"},"canonical":"https:\/\/ag-foto.de\/?page_id=2351","og_locale":"de_DE","og_type":"article","og_title":"Newsletter - FOTOGRAPHIE OF MOMENTS","og_description":"&nbsp; Aktueller Newsletter Newsletter vom Dezember 2025 Archiv Newsletter Newsletter vom Oktober 2025 Newsletter vom M\u00e4rz 2025","og_url":"https:\/\/ag-foto.de\/?page_id=2351","og_site_name":"FOTOGRAPHIE OF MOMENTS","article_publisher":"https:\/\/www.facebook.com\/uwfoto","article_modified_time":"2025-12-23T12:38:31+00:00","og_image":[{"width":1022,"height":348,"url":"https:\/\/ag-foto.de\/wp-content\/uploads\/2024\/12\/Newsletter-2.jpg","type":"image\/jpeg"}],"twitter_card":"summary_large_image","twitter_site":"@INFO_GERBER","twitter_misc":{"Gesch\u00e4tzte Lesezeit":"1\u00a0Minute"},"schema":{"@context":"https:\/\/schema.org","@graph":[{"@type":"WebPage","@id":"https:\/\/ag-foto.de\/?page_id=2351","url":"https:\/\/ag-foto.de\/?page_id=2351","name":"Newsletter - FOTOGRAPHIE OF MOMENTS","isPartOf":{"@id":"https:\/\/ag-foto.de\/#website"},"primaryImageOfPage":{"@id":"https:\/\/ag-foto.de\/?page_id=2351#primaryimage"},"image":{"@id":"https:\/\/ag-foto.de\/?page_id=2351#primaryimage"},"thumbnailUrl":"https:\/\/ag-foto.de\/wp-content\/uploads\/2024\/12\/Newsletter-2.jpg","datePublished":"2024-06-13T09:42:44+00:00","dateModified":"2025-12-23T12:38:31+00:00","breadcrumb":{"@id":"https:\/\/ag-foto.de\/?page_id=2351#breadcrumb"},"inLanguage":"de","potentialAction":[{"@type":"ReadAction","target":["https:\/\/ag-foto.de\/?page_id=2351"]}]},{"@type":"ImageObject","inLanguage":"de","@id":"https:\/\/ag-foto.de\/?page_id=2351#primaryimage","url":"https:\/\/ag-foto.de\/wp-content\/uploads\/2024\/12\/Newsletter-2.jpg","contentUrl":"https:\/\/ag-foto.de\/wp-content\/uploads\/2024\/12\/Newsletter-2.jpg","width":1022,"height":348},{"@type":"BreadcrumbList","@id":"https:\/\/ag-foto.de\/?page_id=2351#breadcrumb","itemListElement":[{"@type":"ListItem","position":1,"name":"Startseite","item":"https:\/\/ag-foto.de\/"},{"@type":"ListItem","position":2,"name":"Newsletter"}]},{"@type":"WebSite","@id":"https:\/\/ag-foto.de\/#website","url":"https:\/\/ag-foto.de\/","name":"FOTOGRAPHIE OF MOMENTS","description":"Studio | Portrait | In- Outdoor | Homestory | Unterwasserfotografie","potentialAction":[{"@type":"SearchAction","target":{"@type":"EntryPoint","urlTemplate":"https:\/\/ag-foto.de\/?s={search_term_string}"},"query-input":{"@type":"PropertyValueSpecification","valueRequired":true,"valueName":"search_term_string"}}],"inLanguage":"de"}]}},"_links":{"self":[{"href":"https:\/\/ag-foto.de\/index.php?rest_route=\/wp\/v2\/pages\/2351","targetHints":{"allow":["GET"]}}],"collection":[{"href":"https:\/\/ag-foto.de\/index.php?rest_route=\/wp\/v2\/pages"}],"about":[{"href":"https:\/\/ag-foto.de\/index.php?rest_route=\/wp\/v2\/types\/page"}],"author":[{"embeddable":true,"href":"https:\/\/ag-foto.de\/index.php?rest_route=\/wp\/v2\/users\/1"}],"replies":[{"embeddable":true,"href":"https:\/\/ag-foto.de\/index.php?rest_route=%2Fwp%2Fv2%2Fcomments&post=2351"}],"version-history":[{"count":17,"href":"https:\/\/ag-foto.de\/index.php?rest_route=\/wp\/v2\/pages\/2351\/revisions"}],"predecessor-version":[{"id":4079,"href":"https:\/\/ag-foto.de\/index.php?rest_route=\/wp\/v2\/pages\/2351\/revisions\/4079"}],"wp:featuredmedia":[{"embeddable":true,"href":"https:\/\/ag-foto.de\/index.php?rest_route=\/wp\/v2\/media\/3031"}],"wp:attachment":[{"href":"https:\/\/ag-foto.de\/index.php?rest_route=%2Fwp%2Fv2%2Fmedia&parent=2351"}],"curies":[{"name":"wp","href":"https:\/\/api.w.org\/{rel}","templated":true}]}}